{"id":36851,"date":"2024-08-20T10:44:14","date_gmt":"2024-08-20T08:44:14","guid":{"rendered":"https:\/\/www.vilaweb.cat\/botiga\/?post_type=product&#038;p=36851"},"modified":"2025-06-14T13:07:52","modified_gmt":"2025-06-14T11:07:52","slug":"alla-dalla-alfabet-incomplert-de-la-franja-de-ponent","status":"publish","type":"product","link":"https:\/\/www.vilaweb.cat\/botiga\/producte\/alla-dalla-alfabet-incomplert-de-la-franja-de-ponent\/","title":{"rendered":"All\u00e0 d&#8217;all\u00e0. Alfabet incomplert de la Franja de Ponent"},"content":{"rendered":"<p>All\u00e0 d\u2019all\u00e0 aborda diversos episodis i moltes altres tem\u00e0tiques, en una aproximaci\u00f3 per copsar com bull l\u2019olla a la Franja de Ponent el primer ter\u00e7 del xxi, un territori sense cap cohesi\u00f3. El \u00abcatal\u00e1n de Arag\u00f3n\u00bb no \u00e9s el mateix a la vall d\u2019Is\u00e0vena ni a la conca del Cinca ni en els Ports de Beseit. Tampoc la meteorologia ni els interessos professionals.<br \/>\nEn un centre m\u00e8dic privat de Fraga, bo i que el metge ens entenia, va comentar a ran d\u2019una visita familiar: \u00abvosotros debeis venir de las monta\u00f1as.\u00bb Com va dir el poeta \u00abNosaltres baixarem de les muntanyes\/ per dir qui ens pren el nom i la paraula\/ qui ens escarcella el gest a mans besades.\u00bb<br \/>\nUn calidoscopi costumista i variat de la vida a la Franja de Ponent.<\/p>\n","protected":false},"excerpt":{"rendered":"<p>AUTOR: Quim Gibert<br \/>\nISBN: 9788412811353<br \/>\nEDICI\u00d3: 1a<br \/>\nENQUADERNACI\u00d3: R\u00fastica amb solapes<br \/>\nFORMAT: 14 x 21 cm<br \/>\nP\u00c0GINES: 157<br \/>\nIDIOMA: Catal\u00e0<\/p>\n","protected":false},"featured_media":36852,"template":"","meta":[],"product_cat":[48,18],"product_tag":[],"_links":{"self":[{"href":"https:\/\/www.vilaweb.cat\/botiga\/wp-json\/wp\/v2\/product\/36851"}],"collection":[{"href":"https:\/\/www.vilaweb.cat\/botiga\/wp-json\/wp\/v2\/product"}],"about":[{"href":"https:\/\/www.vilaweb.cat\/botiga\/wp-json\/wp\/v2\/types\/product"}],"wp:featuredmedia":[{"embeddable":true,"href":"https:\/\/www.vilaweb.cat\/botiga\/wp-json\/wp\/v2\/media\/36852"}],"wp:attachment":[{"href":"https:\/\/www.vilaweb.cat\/botiga\/wp-json\/wp\/v2\/media?parent=36851"}],"wp:term":[{"taxonomy":"product_cat","embeddable":true,"href":"https:\/\/www.vilaweb.cat\/botiga\/wp-json\/wp\/v2\/product_cat?post=36851"},{"taxonomy":"product_tag","embeddable":true,"href":"https:\/\/www.vilaweb.cat\/botiga\/wp-json\/wp\/v2\/product_tag?post=36851"}],"curies":[{"name":"wp","href":"https:\/\/api.w.org\/{rel}","templated":true}]}}