{"id":3645,"date":"2018-07-18T17:15:22","date_gmt":"2018-07-18T15:15:22","guid":{"rendered":"https:\/\/www.vilaweb.cat\/botiga\/?post_type=product&#038;p=3645"},"modified":"2026-02-04T17:21:49","modified_gmt":"2026-02-04T16:21:49","slug":"100-gegants-per-pintar-4t-volum","status":"publish","type":"product","link":"https:\/\/www.vilaweb.cat\/botiga\/producte\/100-gegants-per-pintar-4t-volum\/","title":{"rendered":"100 gegants per pintar 4rt Volum"},"content":{"rendered":"<div class=\"woocommerce-product-details__short-description\">\n<p>Quadern de 100 gegants per pintar Volum 4. Llibre relacionat amb la publicaci\u00f3\u00a0100 gegants Volum 4. Petita guia dels gegants de Catalunya\u00a0(El Cep i la Nansa ed., febrer\u00a02016), una guia infantil on trobareu 100 gegants de pobles, viles i ciutats de Catalunya, tots ells il\u00b7lustrats nom\u00e9s en negre perqu\u00e8 els infants puguin omplir-los de color.<\/p>\n<div class=\"column column-1 oneHalf\">\n<div id=\"c5792\" class=\"csc-default\">\n<p><b>Gegants de Barcelona<\/b><\/p>\n<ul>\n<li>Gegants de Moja<\/li>\n<li>Gegants de La Beguda Alta<\/li>\n<li>Gegants del Bruc<\/li>\n<li>Gegants de la Font Vella d\u2019Igualada<\/li>\n<li>Gegants Tonet i Conxita d\u2019Igualada<\/li>\n<li>Gegants de la Coromina de Cardona<\/li>\n<li>Gegantons de Sant Fruit\u00f3s del Bages<\/li>\n<li>Gegants Nous de Cornell\u00e0 de Llobregat<\/li>\n<li>Gegants de l\u2019Agrupaci\u00f3 Cultural Aig\u00fcestoses de Sant Andreu de la Barca<\/li>\n<li>Gegants de Sant Boi del Llobregat<\/li>\n<li>Gegants Nous de Sant Joan Desp\u00ed<\/li>\n<li>Gegants Nous del Prat del Llobregat<\/li>\n<li>Geganta Dimonieta de Badalona<\/li>\n<li>Gegants del Raval de Barcelona<\/li>\n<li>Gegants de Sant Pere de les Puel\u00b7les de Barcelona<\/li>\n<li>Geganta Caterina del Casc Antic de Barcelona<\/li>\n<li>Gegantons Avis de Sant Andreu del Palomar de Barcelona<\/li>\n<li>Gegants Nous de Santa Coloma de Gramanet<\/li>\n<li>Gegants de la Bauma dels Encantats de Berga<\/li>\n<li>Gegants d\u2019Arenys de Mar (Tallaferro i Flor d\u2019Alba)<\/li>\n<li>Gegants Nous d\u2019Argentona<\/li>\n<li>Gegant Moss\u00e8n Bisc\u00fater de Matar\u00f3<\/li>\n<li>Geganta Norilca de Matar\u00f3<\/li>\n<li>Gegants Vells de Moi\u00e0<\/li>\n<li>Gegants de Taradell<\/li>\n<li>Gegants del carrer de la Riera de Vic<\/li>\n<li>Gegants Nous de Terrassa<\/li>\n<li>Gegants de La Garriga<\/li>\n<li>Gegants de Lli\u00e7\u00e0 d\u2019Amunt<\/li>\n<li>Gegants de Parets del Vall\u00e8s<\/li>\n<\/ul>\n<\/div>\n<\/div>\n<div class=\"column column-2 oneHalf\">\n<div id=\"c5793\" class=\"csc-default\">\n<p><b>Gegants de Tarragona<\/b><\/p>\n<ul>\n<li>Gegants de Vallmoll<\/li>\n<li>Gegantons de la Colla Pessigolla de Valls<\/li>\n<li>Gegants de Mont-roig del Camp<\/li>\n<li>Gegants Vells de la Selva del Camp<\/li>\n<li>Gegants de Xerta<\/li>\n<li>Gegants dels Amics dels Gegants de Montblanc<\/li>\n<li>Gegants de la Font Vella de Falset<\/li>\n<li>Gegants Pescadors de Salou<\/li>\n<\/ul>\n<p><b>Gegants de Lleida<\/b><\/p>\n<ul>\n<li>Gegants Vells de la Seu d\u2019Urgell<\/li>\n<li>Gegants Pagesets de Balaguer<\/li>\n<li>Gegants de Sana\u00fcja<\/li>\n<li>Gegants del Patronat del Corpus de Lleida<\/li>\n<li>Gegants Bojos de Solsona<\/li>\n<li>Gegants del Barri del Carme de T\u00e0rrega<\/li>\n<\/ul>\n<p><b>Gegants de Girona<\/b><\/p>\n<ul>\n<li>Gegants\u00a0de Figueres<\/li>\n<li>Gegants Perses de La Bisbal de l\u2019Empord\u00e0<\/li>\n<li>Gegants d\u2019Alp<\/li>\n<li>Gegants de Castellfollit de la Roca<\/li>\n<li>Gegant de Campllong<\/li>\n<li>Gegants de la Caixa de Trons de Girona<\/li>\n<li>Gegants de Banyoles<\/li>\n<li>Gegants de Seriny\u00e0<\/li>\n<li>Gegants de Campdev\u00e0nol<\/li>\n<\/ul>\n<\/div>\n<\/div>\n<\/div>\n<div class=\"woocommerce-product-tags\"><\/div>\n","protected":false},"excerpt":{"rendered":"<p>Ed. El cep i la nansa<\/p>\n","protected":false},"featured_media":44431,"template":"","meta":[],"product_cat":[18,47],"product_tag":[],"_links":{"self":[{"href":"https:\/\/www.vilaweb.cat\/botiga\/wp-json\/wp\/v2\/product\/3645"}],"collection":[{"href":"https:\/\/www.vilaweb.cat\/botiga\/wp-json\/wp\/v2\/product"}],"about":[{"href":"https:\/\/www.vilaweb.cat\/botiga\/wp-json\/wp\/v2\/types\/product"}],"wp:featuredmedia":[{"embeddable":true,"href":"https:\/\/www.vilaweb.cat\/botiga\/wp-json\/wp\/v2\/media\/44431"}],"wp:attachment":[{"href":"https:\/\/www.vilaweb.cat\/botiga\/wp-json\/wp\/v2\/media?parent=3645"}],"wp:term":[{"taxonomy":"product_cat","embeddable":true,"href":"https:\/\/www.vilaweb.cat\/botiga\/wp-json\/wp\/v2\/product_cat?post=3645"},{"taxonomy":"product_tag","embeddable":true,"href":"https:\/\/www.vilaweb.cat\/botiga\/wp-json\/wp\/v2\/product_tag?post=3645"}],"curies":[{"name":"wp","href":"https:\/\/api.w.org\/{rel}","templated":true}]}}