{"id":36118,"date":"2024-06-27T10:21:33","date_gmt":"2024-06-27T08:21:33","guid":{"rendered":"https:\/\/www.vilaweb.cat\/botiga\/?post_type=product&#038;p=36118"},"modified":"2025-04-11T12:03:14","modified_gmt":"2025-04-11T10:03:14","slug":"diccionari-del-fet-i-de-la-questio-nacionals","status":"publish","type":"product","link":"https:\/\/www.vilaweb.cat\/botiga\/producte\/diccionari-del-fet-i-de-la-questio-nacionals\/","title":{"rendered":"Diccionari del fet i de la q\u00fcesti\u00f3 nacionals"},"content":{"rendered":"<p>Aquest diccionari aplega la terminologia del fet i de la q\u00fcesti\u00f3 nacionals amb plena actualitzaci\u00f3 tem\u00e0tica; en fixa la forma concreta amb criteris de funcionalitat, genu\u00efnitat ling\u00fc\u00edstica i transpar\u00e8ncia sem\u00e0ntica; defineix cadascuna de les entrades amb precisi\u00f3; i, en els casos pertinents, analitza l\u2019origen i evoluci\u00f3 del terme i del concepte.<\/p>\n<p>No es limita, per\u00f2, a la teoria abstracta sin\u00f3 que s\u2019acompanya d\u2019exemples concrets de cada fenomen estudiat, d\u2019exposicions esquem\u00e0tiques de m\u00faltiples casos d\u2019arreu i de multitud de dades \u00fatils amb observacions orientadores. Es tracta, doncs, d\u2019una obra general introduct\u00f2ria que ofereix una visi\u00f3 panor\u00e0mica de la mat\u00e8ria en el m\u00f3n d\u2019avui.<\/p>\n<p>\u00c0mpliament documentada i amb voluntat de rigor, no defuig la complexa dial\u00e8ctica entre el fet nacional i l\u2019opressi\u00f3 nacional. I, per aix\u00f2, tamb\u00e9 \u00e9s un tractat en defensa dels drets de les nacions. D\u2019abast universal, s\u2019aporta una perspectiva internacional amb \u00f2ptica catalana.<\/p>\n","protected":false},"excerpt":{"rendered":"<p>AUTOR: Ferran Lupescu<br \/>\nISBN: 9788412818123<br \/>\nEDICI\u00d3: 1a<br \/>\nENQUADERNACI\u00d3: R\u00fastica sense solapes<br \/>\nFORMAT: 15 x 23 cm<br \/>\nP\u00c0GINES: 745<br \/>\nIDIOMA: Catal\u00e0<\/p>\n","protected":false},"featured_media":36119,"template":"","meta":[],"product_cat":[42,18],"product_tag":[],"_links":{"self":[{"href":"https:\/\/www.vilaweb.cat\/botiga\/wp-json\/wp\/v2\/product\/36118"}],"collection":[{"href":"https:\/\/www.vilaweb.cat\/botiga\/wp-json\/wp\/v2\/product"}],"about":[{"href":"https:\/\/www.vilaweb.cat\/botiga\/wp-json\/wp\/v2\/types\/product"}],"wp:featuredmedia":[{"embeddable":true,"href":"https:\/\/www.vilaweb.cat\/botiga\/wp-json\/wp\/v2\/media\/36119"}],"wp:attachment":[{"href":"https:\/\/www.vilaweb.cat\/botiga\/wp-json\/wp\/v2\/media?parent=36118"}],"wp:term":[{"taxonomy":"product_cat","embeddable":true,"href":"https:\/\/www.vilaweb.cat\/botiga\/wp-json\/wp\/v2\/product_cat?post=36118"},{"taxonomy":"product_tag","embeddable":true,"href":"https:\/\/www.vilaweb.cat\/botiga\/wp-json\/wp\/v2\/product_tag?post=36118"}],"curies":[{"name":"wp","href":"https:\/\/api.w.org\/{rel}","templated":true}]}}