{"id":36023,"date":"2024-06-19T18:46:53","date_gmt":"2024-06-19T16:46:53","guid":{"rendered":"https:\/\/www.vilaweb.cat\/botiga\/?post_type=product&#038;p=36023"},"modified":"2026-02-18T13:19:47","modified_gmt":"2026-02-18T12:19:47","slug":"penjoll-feminista","status":"publish","type":"product","link":"https:\/\/www.vilaweb.cat\/botiga\/producte\/penjoll-feminista\/","title":{"rendered":"Penjoll Feminista"},"content":{"rendered":"<p>Penjoll petit Feminista.<br \/>\nTriangle d\u2019argent de llei d&#8217;un cent\u00edmetre aproximadament amb el s\u00edmbol de la dona gravat.<br \/>\nCadena gruixuda tamb\u00e9 de plata amb tancament tipus mosquet\u00f3 rod\u00f3.<\/p>\n<p>Joia feta amb plata de llei certificada pel Responsible Jewellery Council (RJC). Aix\u00f2 garanteix que la plata prov\u00e9 de mines europees que compleixen els requisits m\u00e9s exigents en seguretat ambiental i drets humans, cosa que n\u2019assegura una producci\u00f3 \u00e8tica.<\/p>\n","protected":false},"excerpt":{"rendered":"<p>Joia de plata, feta a m\u00e0 per\u00a0<span class=\"hiddenSpellError\">tTjoies<\/span><\/p>\n<p>Si, en el moment de la compra, l&#8217;article apareix com a &#8220;reserva&#8221;, el temps d&#8217;espera ser\u00e0 d\u2019una setmana, perqu\u00e8 \u00e9s una joia feta a m\u00e0.<\/p>\n","protected":false},"featured_media":36060,"template":"","meta":[],"product_cat":[295,62,307,102],"product_tag":[],"_links":{"self":[{"href":"https:\/\/www.vilaweb.cat\/botiga\/wp-json\/wp\/v2\/product\/36023"}],"collection":[{"href":"https:\/\/www.vilaweb.cat\/botiga\/wp-json\/wp\/v2\/product"}],"about":[{"href":"https:\/\/www.vilaweb.cat\/botiga\/wp-json\/wp\/v2\/types\/product"}],"wp:featuredmedia":[{"embeddable":true,"href":"https:\/\/www.vilaweb.cat\/botiga\/wp-json\/wp\/v2\/media\/36060"}],"wp:attachment":[{"href":"https:\/\/www.vilaweb.cat\/botiga\/wp-json\/wp\/v2\/media?parent=36023"}],"wp:term":[{"taxonomy":"product_cat","embeddable":true,"href":"https:\/\/www.vilaweb.cat\/botiga\/wp-json\/wp\/v2\/product_cat?post=36023"},{"taxonomy":"product_tag","embeddable":true,"href":"https:\/\/www.vilaweb.cat\/botiga\/wp-json\/wp\/v2\/product_tag?post=36023"}],"curies":[{"name":"wp","href":"https:\/\/api.w.org\/{rel}","templated":true}]}}