{"id":36017,"date":"2024-06-19T18:46:27","date_gmt":"2024-06-19T16:46:27","guid":{"rendered":"https:\/\/www.vilaweb.cat\/botiga\/?post_type=product&#038;p=36017"},"modified":"2025-11-21T18:42:26","modified_gmt":"2025-11-21T17:42:26","slug":"penjoll-paisos-catalans","status":"publish","type":"product","link":"https:\/\/www.vilaweb.cat\/botiga\/producte\/penjoll-paisos-catalans\/","title":{"rendered":"Penjoll Pa\u00efsos Catalans"},"content":{"rendered":"<p>Penjoll petit amb encuny dels pa\u00efsos catalans.<br \/>\nCercle d\u2019argent de llei, d&#8217;un cent\u00edmetre i mig aproximadament de di\u00e0metre.<br \/>\nCord\u00f3 negre de cot\u00f3 amb tancament tipus mosquet\u00f3 rod\u00f3.<\/p>\n<p>Joia feta amb plata de llei certificada pel Responsible Jewellery Council (RJC). Aix\u00f2 garanteix que la plata prov\u00e9 de mines europees que compleixen els requisits m\u00e9s exigents en seguretat ambiental i drets humans, cosa que n&#8217;assegura una producci\u00f3 \u00e8tica.<\/p>\n<p>&nbsp;<\/p>\n","protected":false},"excerpt":{"rendered":"<p>Joia de plata, feta a m\u00e0 per\u00a0<span class=\"hiddenSpellError\">tTjoies<\/span><\/p>\n<p>Si, en el moment de la compra, l&#8217;article apareix com a &#8220;reserva&#8221;, el temps d&#8217;espera ser\u00e0 d\u2019una setmana, perqu\u00e8 \u00e9s una joia feta a m\u00e0.<\/p>\n","protected":false},"featured_media":36059,"template":"","meta":[],"product_cat":[295,62,307,102],"product_tag":[],"_links":{"self":[{"href":"https:\/\/www.vilaweb.cat\/botiga\/wp-json\/wp\/v2\/product\/36017"}],"collection":[{"href":"https:\/\/www.vilaweb.cat\/botiga\/wp-json\/wp\/v2\/product"}],"about":[{"href":"https:\/\/www.vilaweb.cat\/botiga\/wp-json\/wp\/v2\/types\/product"}],"wp:featuredmedia":[{"embeddable":true,"href":"https:\/\/www.vilaweb.cat\/botiga\/wp-json\/wp\/v2\/media\/36059"}],"wp:attachment":[{"href":"https:\/\/www.vilaweb.cat\/botiga\/wp-json\/wp\/v2\/media?parent=36017"}],"wp:term":[{"taxonomy":"product_cat","embeddable":true,"href":"https:\/\/www.vilaweb.cat\/botiga\/wp-json\/wp\/v2\/product_cat?post=36017"},{"taxonomy":"product_tag","embeddable":true,"href":"https:\/\/www.vilaweb.cat\/botiga\/wp-json\/wp\/v2\/product_tag?post=36017"}],"curies":[{"name":"wp","href":"https:\/\/api.w.org\/{rel}","templated":true}]}}