{"id":35831,"date":"2024-06-06T12:07:30","date_gmt":"2024-06-06T10:07:30","guid":{"rendered":"https:\/\/www.vilaweb.cat\/botiga\/?post_type=product&#038;p=35831"},"modified":"2026-03-31T16:12:10","modified_gmt":"2026-03-31T14:12:10","slug":"samarreta-no-puc-mes","status":"publish","type":"product","link":"https:\/\/www.vilaweb.cat\/botiga\/producte\/samarreta-no-puc-mes\/","title":{"rendered":"Samarreta &#8220;No puc m\u00e9s&#8221;"},"content":{"rendered":"<p>No em dona la vida per a m\u00e9s. Estr\u00e9s i gent en conjunt. NO PUC M\u00c9S<\/p>\n<ul>\n<li>Model: unisex<\/li>\n<li>Color: blanc o negre<\/li>\n<li>Material: 100% cot\u00f3<\/li>\n<li>Talles: XS, S, M, L, XL<\/li>\n<\/ul>\n","protected":false},"excerpt":{"rendered":"<div id=\"short_description_block\">\n<div id=\"short_description_content\" class=\"rte align_justify\">\n<p>Samarreta de cot\u00f3 en model blanc i negre, m\u00e0niga curta, disseny de Duestasses.<\/p>\n<\/div>\n<\/div>\n<form id=\"buy_block\" action=\"https:\/\/botiga.vilaweb.cat\/index.php?controller=cart\" method=\"post\">\n<div id=\"attributes\"><\/div>\n<\/form>\n<form id=\"buy_block\" action=\"https:\/\/botiga.vilaweb.cat\/index.php?controller=cart\" method=\"post\">\n<div id=\"attributes\"><\/div>\n<\/form>\n","protected":false},"featured_media":35861,"template":"","meta":[],"product_cat":[284,286],"product_tag":[],"_links":{"self":[{"href":"https:\/\/www.vilaweb.cat\/botiga\/wp-json\/wp\/v2\/product\/35831"}],"collection":[{"href":"https:\/\/www.vilaweb.cat\/botiga\/wp-json\/wp\/v2\/product"}],"about":[{"href":"https:\/\/www.vilaweb.cat\/botiga\/wp-json\/wp\/v2\/types\/product"}],"wp:featuredmedia":[{"embeddable":true,"href":"https:\/\/www.vilaweb.cat\/botiga\/wp-json\/wp\/v2\/media\/35861"}],"wp:attachment":[{"href":"https:\/\/www.vilaweb.cat\/botiga\/wp-json\/wp\/v2\/media?parent=35831"}],"wp:term":[{"taxonomy":"product_cat","embeddable":true,"href":"https:\/\/www.vilaweb.cat\/botiga\/wp-json\/wp\/v2\/product_cat?post=35831"},{"taxonomy":"product_tag","embeddable":true,"href":"https:\/\/www.vilaweb.cat\/botiga\/wp-json\/wp\/v2\/product_tag?post=35831"}],"curies":[{"name":"wp","href":"https:\/\/api.w.org\/{rel}","templated":true}]}}