{"id":35784,"date":"2024-06-03T10:24:50","date_gmt":"2024-06-03T08:24:50","guid":{"rendered":"https:\/\/www.vilaweb.cat\/botiga\/?post_type=product&#038;p=35784"},"modified":"2025-01-08T17:56:26","modified_gmt":"2025-01-08T16:56:26","slug":"fruits-del-bosc-dels-paisos-catalans","status":"publish","type":"product","link":"https:\/\/www.vilaweb.cat\/botiga\/producte\/fruits-del-bosc-dels-paisos-catalans\/","title":{"rendered":"Fruits del bosc dels Pa\u00efsos Catalans"},"content":{"rendered":"<div class=\"frase-mkt\">\n<p>Des de la prehist\u00f2ria fins a l\u2019actualitat, la humanitat ha mantingut una relaci\u00f3 molt estreta amb la natura, i especialment amb els boscos del seu entorn: al llarg de la seva exist\u00e8ncia, l\u2019\u00e9sser hum\u00e0 ha sabut treure profit dels arbres i arbustos que l\u2019envolten i tamb\u00e9 dels seus fruits per alimentar-se, per guarir malalties, per fabricar utensilis&#8230; en el cas de l\u2019home modern, tamb\u00e9 per fugir del brogit i de l\u2019estr\u00e8s de la vida actual. \u00c9s per tot aix\u00f2 que els boscos s\u2019han convertit en un dels nostres tresors m\u00e9s preuats.<\/p>\n<p>Endinsa\u2019t en els boscos i els espais silvestres de la nostra terra, per con\u00e8ixer els principals fruits que hi creixen espont\u00e0niament. I ho fem en una espl\u00e8ndida edici\u00f3 il\u00b7lustrada que ens descobreix, una per<br \/>\nuna, quaranta-set esp\u00e8cies diferents de fruits silvestres, combinant els continguts m\u00e9s cient\u00edfics amb els tradicionals i populars, i fent especial atenci\u00f3 a les propietats medicinals i gastron\u00f2miques de cada<br \/>\nfruit.Un estudi rigor\u00f3s i am\u00e8 que inclou nombroses fotografies i detallad\u00edssimes il\u00b7lustracions en color de cada esp\u00e8cie i les seves principals varietats, i tamb\u00e9 un extens ap\u00e8ndix amb un quadre de floraci\u00f3 i fructificaci\u00f3 de cada fruit, un glossari de termes especialitzats, un exhaustiu \u00edndex d\u2019esp\u00e8cies i una completa bibliografia.<\/p>\n<\/div>\n","protected":false},"excerpt":{"rendered":"<p>AUTOR: Mart\u00ed Boada<br \/>\nISBN: 9788419736468<br \/>\nEDICI\u00d3: 1a<br \/>\nENQUADERNACI\u00d3: Tapa dura<br \/>\nFORMAT: 22 x 26 cm<br \/>\nP\u00c0GINES: 216<br \/>\nIDIOMA: Catal\u00e0<\/p>\n","protected":false},"featured_media":35783,"template":"","meta":[],"product_cat":[207,45,18],"product_tag":[],"_links":{"self":[{"href":"https:\/\/www.vilaweb.cat\/botiga\/wp-json\/wp\/v2\/product\/35784"}],"collection":[{"href":"https:\/\/www.vilaweb.cat\/botiga\/wp-json\/wp\/v2\/product"}],"about":[{"href":"https:\/\/www.vilaweb.cat\/botiga\/wp-json\/wp\/v2\/types\/product"}],"wp:featuredmedia":[{"embeddable":true,"href":"https:\/\/www.vilaweb.cat\/botiga\/wp-json\/wp\/v2\/media\/35783"}],"wp:attachment":[{"href":"https:\/\/www.vilaweb.cat\/botiga\/wp-json\/wp\/v2\/media?parent=35784"}],"wp:term":[{"taxonomy":"product_cat","embeddable":true,"href":"https:\/\/www.vilaweb.cat\/botiga\/wp-json\/wp\/v2\/product_cat?post=35784"},{"taxonomy":"product_tag","embeddable":true,"href":"https:\/\/www.vilaweb.cat\/botiga\/wp-json\/wp\/v2\/product_tag?post=35784"}],"curies":[{"name":"wp","href":"https:\/\/api.w.org\/{rel}","templated":true}]}}