{"id":35259,"date":"2024-04-22T18:20:17","date_gmt":"2024-04-22T16:20:17","guid":{"rendered":"https:\/\/www.vilaweb.cat\/botiga\/?post_type=product&#038;p=35259"},"modified":"2026-03-02T14:50:29","modified_gmt":"2026-03-02T13:50:29","slug":"la-nit-de-sant-joan-festa-llegat-i-patrimoni","status":"publish","type":"product","link":"https:\/\/www.vilaweb.cat\/botiga\/producte\/la-nit-de-sant-joan-festa-llegat-i-patrimoni\/","title":{"rendered":"La nit de Sant Joan. Festa, llegat i patrimoni"},"content":{"rendered":"<p>La nit de Sant Joan \u00e9s una nit m\u00e0gica: \u00e9s la nit de les herbes, la nit de l\u2019aigua i la nit del foc. Tamb\u00e9 \u00e9s nit de sortilegis, de rondalles i llegendes.<\/p>\n<p>A\u00a0<strong>LA NIT DE SANT JOAN<\/strong>, el reconegut folklorista\u00a0<strong>Amadeu Carb\u00f3<\/strong>\u00a0ens presenta els elements, la mem\u00f2ria i els significats d\u2019aquesta festa tan arrelada i ben viva arreu del pa\u00eds.<\/p>\n<p>A trav\u00e9s de breus cap\u00edtols, entenedors i amens, aquest treball vol contribuir a preservar, donar a con\u00e8ixer i interpretar les formes tradicionals, i alhora totalment contempor\u00e0nies, de celebrar la nit de Sant Joan al Principat, tot i que en moments puntuals el text visita d\u2019altres indrets dels Pa\u00efsos Catalans, \u00e0dhuc del m\u00f3n. Tamb\u00e9 tracta diferents aspectes culturals vinculats a la celebraci\u00f3, com el literari o paremiol\u00f2gic, la pirot\u00e8cnia festiva i la gastronomia.<\/p>\n<p>Una visi\u00f3 global de la nit de Sant Joan que tamb\u00e9 incideix en el seu car\u00e0cter reivindicatiu a partir dels nous significats de la festa, com el de la<strong>\u00a0Flama del Canig\u00f3<\/strong>, s\u00edmbol de germanor dels Pa\u00efsos Catalans.<\/p>\n<p>Seguint la l\u00ednia pr\u00f2pia de la Col\u00b7lecci\u00f3 l\u2019Ermit\u00e0,\u00a0<strong>LA NIT DE SANT JOAN\u00a0<\/strong>inclou\u00a0<strong>singulars il\u00b7lustracions<\/strong>\u00a0hist\u00f2riques i de dibuixants catalans de refer\u00e8ncia, com tamb\u00e9 una selecci\u00f3 de\u00a0<strong>dites populars<\/strong>\u00a0que enriqueixen la lectura.<\/p>\n","protected":false},"excerpt":{"rendered":"<p>AUTOR: Amadeu Carb\u00f3 i Martorell<br \/>\nISBN: 9788412798500<br \/>\nEDICI\u00d3: 1a<br \/>\nENQUADERNACI\u00d3: R\u00fastica sense solapes<br \/>\nFORMAT: 15 x 21 cm<br \/>\nP\u00c0GINES: 119<br \/>\nIDIOMA: Catal\u00e0<\/p>\n","protected":false},"featured_media":35719,"template":"","meta":[],"product_cat":[45,18],"product_tag":[],"_links":{"self":[{"href":"https:\/\/www.vilaweb.cat\/botiga\/wp-json\/wp\/v2\/product\/35259"}],"collection":[{"href":"https:\/\/www.vilaweb.cat\/botiga\/wp-json\/wp\/v2\/product"}],"about":[{"href":"https:\/\/www.vilaweb.cat\/botiga\/wp-json\/wp\/v2\/types\/product"}],"wp:featuredmedia":[{"embeddable":true,"href":"https:\/\/www.vilaweb.cat\/botiga\/wp-json\/wp\/v2\/media\/35719"}],"wp:attachment":[{"href":"https:\/\/www.vilaweb.cat\/botiga\/wp-json\/wp\/v2\/media?parent=35259"}],"wp:term":[{"taxonomy":"product_cat","embeddable":true,"href":"https:\/\/www.vilaweb.cat\/botiga\/wp-json\/wp\/v2\/product_cat?post=35259"},{"taxonomy":"product_tag","embeddable":true,"href":"https:\/\/www.vilaweb.cat\/botiga\/wp-json\/wp\/v2\/product_tag?post=35259"}],"curies":[{"name":"wp","href":"https:\/\/api.w.org\/{rel}","templated":true}]}}