{"id":35076,"date":"2024-04-12T17:50:35","date_gmt":"2024-04-12T15:50:35","guid":{"rendered":"https:\/\/www.vilaweb.cat\/botiga\/?post_type=product&#038;p=35076"},"modified":"2026-03-20T17:01:15","modified_gmt":"2026-03-20T16:01:15","slug":"35076","status":"publish","type":"product","link":"https:\/\/www.vilaweb.cat\/botiga\/producte\/35076\/","title":{"rendered":"Nova Planta 2034: Ni treva ni pau"},"content":{"rendered":"<p><span class=\"a-text-bold\">La primera novel\u00b7la postoctubrista? Prepara\u2019t per a un llibre que et trencar\u00e0 tots els esquemes. Una hist\u00f2ria salvatge, desacomplexada i divertida que t\u2019enganxar\u00e0 de seguida.<\/span><\/p>\n<p>Sinopsi:<\/p>\n<p>La matinada del 26 de gener de 2034, les ag\u00e8ncies d\u2019intel\u00b7lig\u00e8ncia internacionals detecten que tot Catalunya s\u2019ha quedat, sobtadament, a les fosques i sense telecomunicacions, a\u00efllada del m\u00f3n. Sense que en siguin conscients, un misteri\u00f3s grup armat comen\u00e7a a prendre el control dels carrers de Barcelona. El primer que fan \u00e9s detenir el president de la Generalitat i anunciar-li que l\u2019executaran immediatament.<\/p>\n<p>Es tracta d\u2019un cop d\u2019estat provocat per la signatura de pau humiliant que acaba de fer Espanya amb el Marroc, for\u00e7ada pels EUA? \u00c9s un atac islamista, com el que va prendre el control del Paquistan el 2032 o conquer\u00ed Melilla el 2033? O s\u00f3n els catalans, que s\u2019han al\u00e7at contra el govern ultranacionalista que governa Espanya gr\u00e0cies a un monarca autoritari?<\/p>\n<p>La Catalunya que encara viu sota les conseq\u00fc\u00e8ncies del refer\u00e8ndum del Primer d\u2019Octubre i una declaraci\u00f3 d\u2019independ\u00e8ncia avortada, esdevindr\u00e0 el camp de batalla d\u2019un actor desconegut, on la venjan\u00e7a, el poder absolut i la r\u00e0bia acumulada per uns esdeveniments hist\u00f2rics oblidats faran que els catalans s\u2019hagin d\u2019enfrontar al costat m\u00e9s fosc de la naturalesa humana.<\/p>\n<p>Amb un ritme trepidant, gaireb\u00e9 cinematogr\u00e0fic, el lector es demanar\u00e0 constantment qu\u00e8 passa realment, es trobar\u00e0 davant esdeveniments inesperats i haur\u00e0 de reflexionar sobre qu\u00e8 faria en cada situaci\u00f3, encarant-se a les seves pr\u00f2pies contradiccions.<\/p>\n","protected":false},"excerpt":{"rendered":"<p>Any d\u2019edici\u00f3: 2024<br \/>\nIdioma: catal\u00e0<br \/>\nN\u00fam. de p\u00e0gines: 332<\/p>\n","protected":false},"featured_media":35077,"template":"","meta":[],"product_cat":[49,18],"product_tag":[],"_links":{"self":[{"href":"https:\/\/www.vilaweb.cat\/botiga\/wp-json\/wp\/v2\/product\/35076"}],"collection":[{"href":"https:\/\/www.vilaweb.cat\/botiga\/wp-json\/wp\/v2\/product"}],"about":[{"href":"https:\/\/www.vilaweb.cat\/botiga\/wp-json\/wp\/v2\/types\/product"}],"wp:featuredmedia":[{"embeddable":true,"href":"https:\/\/www.vilaweb.cat\/botiga\/wp-json\/wp\/v2\/media\/35077"}],"wp:attachment":[{"href":"https:\/\/www.vilaweb.cat\/botiga\/wp-json\/wp\/v2\/media?parent=35076"}],"wp:term":[{"taxonomy":"product_cat","embeddable":true,"href":"https:\/\/www.vilaweb.cat\/botiga\/wp-json\/wp\/v2\/product_cat?post=35076"},{"taxonomy":"product_tag","embeddable":true,"href":"https:\/\/www.vilaweb.cat\/botiga\/wp-json\/wp\/v2\/product_tag?post=35076"}],"curies":[{"name":"wp","href":"https:\/\/api.w.org\/{rel}","templated":true}]}}