{"id":349,"date":"2018-10-29T16:25:34","date_gmt":"2018-10-29T15:25:34","guid":{"rendered":"https:\/\/tww.vilaweb.cat\/botiga\/?post_type=product&#038;p=349"},"modified":"2025-11-27T12:44:28","modified_gmt":"2025-11-27T11:44:28","slug":"tassa-per-tu-sere-flexible","status":"publish","type":"product","link":"https:\/\/www.vilaweb.cat\/botiga\/producte\/tassa-per-tu-sere-flexible\/","title":{"rendered":"Tassa &#8216;Per tu ser\u00e9 flexible&#8217;"},"content":{"rendered":"","protected":false},"excerpt":{"rendered":"<p>1 Tassa cer\u00e0mica &#8216;Per tu ser\u00e9 flexible&#8217; presentada en una capsa. Apta per a microones i renta-vaixelles.<\/p>\n<p>Capacitat: 340 ml<\/p>\n","protected":false},"featured_media":1421,"template":"","meta":[],"product_cat":[79,298],"product_tag":[],"_links":{"self":[{"href":"https:\/\/www.vilaweb.cat\/botiga\/wp-json\/wp\/v2\/product\/349"}],"collection":[{"href":"https:\/\/www.vilaweb.cat\/botiga\/wp-json\/wp\/v2\/product"}],"about":[{"href":"https:\/\/www.vilaweb.cat\/botiga\/wp-json\/wp\/v2\/types\/product"}],"wp:featuredmedia":[{"embeddable":true,"href":"https:\/\/www.vilaweb.cat\/botiga\/wp-json\/wp\/v2\/media\/1421"}],"wp:attachment":[{"href":"https:\/\/www.vilaweb.cat\/botiga\/wp-json\/wp\/v2\/media?parent=349"}],"wp:term":[{"taxonomy":"product_cat","embeddable":true,"href":"https:\/\/www.vilaweb.cat\/botiga\/wp-json\/wp\/v2\/product_cat?post=349"},{"taxonomy":"product_tag","embeddable":true,"href":"https:\/\/www.vilaweb.cat\/botiga\/wp-json\/wp\/v2\/product_tag?post=349"}],"curies":[{"name":"wp","href":"https:\/\/api.w.org\/{rel}","templated":true}]}}