{"id":34809,"date":"2024-04-02T16:54:25","date_gmt":"2024-04-02T14:54:25","guid":{"rendered":"https:\/\/www.vilaweb.cat\/botiga\/?post_type=product&#038;p=34809"},"modified":"2026-01-16T19:14:22","modified_gmt":"2026-01-16T18:14:22","slug":"balla-amb-babel-contra-labsolutisme-linguistic","status":"publish","type":"product","link":"https:\/\/www.vilaweb.cat\/botiga\/producte\/balla-amb-babel-contra-labsolutisme-linguistic\/","title":{"rendered":"Balla amb Babel. Contra l\u2019absolutisme ling\u00fc\u00edstic"},"content":{"rendered":"<div id=\"text\" class=\"truncate\">\n<p>Resseguint la hist\u00f2ria de l\u2019absolutisme ling\u00fc\u00edstic, representat pels estats espanyol i franc\u00e8s, Joan-Llu\u00eds Llu\u00eds rellegeix el c\u00e8lebre\u00a0mite de la torre de Babel: \u00bfd\u2019on ens ve, als humans, la tend\u00e8ncia a jerarquitzar les lleng\u00fces? \u00bfQu\u00e8 amaga la superioritat que algunes s\u2019atorguen? Rere la defensa del monoling\u00fcisme \u2014que al\u00b7lega que les lleng\u00fces nom\u00e9s s\u00f3n mitjans per comunicar-se i que un m\u00f3n monoling\u00fce seria un m\u00f3n m\u00e9s senzill per a tots\u2014 no hi ha res m\u00e9s que voluntat de domini i una concepci\u00f3 banal de la realitat. Joan-Llu\u00eds Llu\u00eds ofereix una cr\u00edtica s\u00f2lida al monoling\u00fcisme d\u2019estat i una defensa de la perspectiva incomparable que cada llengua suposa per als seus parlants.<\/p>\n<p>La col\u00b7lecci\u00f3 Assaltar la B\u00edblia ofereix llibres d\u2019assaig sobre temes contemporanis per mitj\u00e0 de la relectura de passatges b\u00edblics c\u00e8lebres. Amb\u00a0un estil fresc, amb una mirada humanista i transversal, amb el convenciment que els textos cl\u00e0ssics s\u00f3n grans eines per pensar els reptes del\u00a0present.<\/p>\n<\/div>\n","protected":false},"excerpt":{"rendered":"<p>AUTOR: Joan-Llu\u00eds Llu\u00eds<br \/>\nISBN: 9788410188082<br \/>\nEDICI\u00d3: 1a<br \/>\nENQUADERNACI\u00d3: R\u00fastica amb solapes<br \/>\nFORMAT: 11 x 18 cm<br \/>\nP\u00c0GINES: 96<br \/>\nIDIOMA: Catal\u00e0<\/p>\n","protected":false},"featured_media":34810,"template":"","meta":[],"product_cat":[42,427,18],"product_tag":[],"_links":{"self":[{"href":"https:\/\/www.vilaweb.cat\/botiga\/wp-json\/wp\/v2\/product\/34809"}],"collection":[{"href":"https:\/\/www.vilaweb.cat\/botiga\/wp-json\/wp\/v2\/product"}],"about":[{"href":"https:\/\/www.vilaweb.cat\/botiga\/wp-json\/wp\/v2\/types\/product"}],"wp:featuredmedia":[{"embeddable":true,"href":"https:\/\/www.vilaweb.cat\/botiga\/wp-json\/wp\/v2\/media\/34810"}],"wp:attachment":[{"href":"https:\/\/www.vilaweb.cat\/botiga\/wp-json\/wp\/v2\/media?parent=34809"}],"wp:term":[{"taxonomy":"product_cat","embeddable":true,"href":"https:\/\/www.vilaweb.cat\/botiga\/wp-json\/wp\/v2\/product_cat?post=34809"},{"taxonomy":"product_tag","embeddable":true,"href":"https:\/\/www.vilaweb.cat\/botiga\/wp-json\/wp\/v2\/product_tag?post=34809"}],"curies":[{"name":"wp","href":"https:\/\/api.w.org\/{rel}","templated":true}]}}