{"id":34648,"date":"2024-03-19T19:25:55","date_gmt":"2024-03-19T18:25:55","guid":{"rendered":"https:\/\/www.vilaweb.cat\/botiga\/?post_type=product&#038;p=34648"},"modified":"2026-01-16T19:14:29","modified_gmt":"2026-01-16T18:14:29","slug":"un-cor-furtiu-vida-de-josep-pla","status":"publish","type":"product","link":"https:\/\/www.vilaweb.cat\/botiga\/producte\/un-cor-furtiu-vida-de-josep-pla\/","title":{"rendered":"Un cor furtiu. Vida de Josep Pla"},"content":{"rendered":"<p>Josep Pla no va ser \u00fanicament el m\u00e9s gran prosista catal\u00e0 modern; tamb\u00e9 va ser, de vegades sense voler i de vegades provocant-ho, l\u2019escriptor m\u00e9s pol\u00e8mic. La seva llegenda ha estat sempre envoltada d\u2019unes ombres que ning\u00fa, fins ara, no ha estat capa\u00e7 de dissipar. L\u2019esperad\u00edssima biografia de Xavier Pla per fi ho aconsegueix. L\u2019examen d\u2019una quantitat ingent de documents i testimonis, molts d\u2019ells in\u00e8dits, permet aclarir els aspectes m\u00e9s obscurs de la vida de Pla i donar-ne a con\u00e8ixer episodis completament ignorats o tot just entrevistos.<\/p>\n<p>Resseguint un per un, i de cap a cap, molts dels fils que es trenen en la llarga vida de Pla,\u00a0<em>Un cor furtiu\u00a0<\/em>ens presenta v\u00edvidament, en tota la seva complexitat, el jove que des de ben aviat no sabia entendre la vida sense una ploma als dits, el reporter internacional que als anys vint va irrompre com a escriptor amb un \u00e8xit inusitat, el periodista pol\u00edtic que es va posar al servei de la Lliga, el militant antirepublic\u00e0 que va ser obertament profranquista fins al final de la Guerra Civil, l\u2019home desenganyat que a l\u2019inici de la llarga postguerra es va instal\u00b7lar al seu pa\u00eds petit i va fer m\u00e9s que ning\u00fa per recuperar la massa de lectors en catal\u00e0, l\u2019autor que va bregar d\u00e8cades i d\u00e8cades per culminar la seva obra completa, i tamb\u00e9 el vell sorneguer i una mica repatani que no amagava del tot les seves fantasies persistents.<\/p>\n<p><em>Un cor furtiu\u00a0<\/em>\u00e9s el millor retrat imaginable de Pla: el m\u00e9s complet i el m\u00e9s incisiu, el m\u00e9s minuci\u00f3s i el m\u00e9s fascinant. Hi sentim la seva veu, per\u00f2 tamb\u00e9 les dels seus pares i germans, les d\u2019Adi i Aurora i les altres dones que el van estimar, les dels amics que va tenir m\u00e9s a la vora, o les de molts dels personatges amb qui va tenir tractes.\u00a0<em>Un cor furtiu\u00a0<\/em>\u00e9s una biografia narrada amb talent i amb una passi\u00f3 encomanadissa. I \u00e9s encara m\u00e9s. Perqu\u00e8, alhora que revela els avatars d\u2019una vida pr\u00f2diga en vicissituds \u2014les amistats, les complicacions pol\u00edtiques, les relacions amoroses, l\u2019espionatge i el contraespionatge i tantes i tantes coses\u2014, ens convida a reviure des de dins els moments m\u00e9s crucials de la hist\u00f2ria de Catalunya, d\u2019Espanya i d\u2019Europa al llarg del segle xx.<\/p>\n","protected":false},"excerpt":{"rendered":"<p>AUTOR: Xavier Pla<br \/>\nISBN: 9788419734082<br \/>\nEDICI\u00d3: 1a<br \/>\nENQUADERNACI\u00d3: R\u00fastica amb solapes<br \/>\nFORMAT: 15 x 23 cm<br \/>\nP\u00c0GINES: 1536<br \/>\nIDIOMA: Catal\u00e0<\/p>\n","protected":false},"featured_media":34649,"template":"","meta":[],"product_cat":[427,18,45],"product_tag":[],"_links":{"self":[{"href":"https:\/\/www.vilaweb.cat\/botiga\/wp-json\/wp\/v2\/product\/34648"}],"collection":[{"href":"https:\/\/www.vilaweb.cat\/botiga\/wp-json\/wp\/v2\/product"}],"about":[{"href":"https:\/\/www.vilaweb.cat\/botiga\/wp-json\/wp\/v2\/types\/product"}],"wp:featuredmedia":[{"embeddable":true,"href":"https:\/\/www.vilaweb.cat\/botiga\/wp-json\/wp\/v2\/media\/34649"}],"wp:attachment":[{"href":"https:\/\/www.vilaweb.cat\/botiga\/wp-json\/wp\/v2\/media?parent=34648"}],"wp:term":[{"taxonomy":"product_cat","embeddable":true,"href":"https:\/\/www.vilaweb.cat\/botiga\/wp-json\/wp\/v2\/product_cat?post=34648"},{"taxonomy":"product_tag","embeddable":true,"href":"https:\/\/www.vilaweb.cat\/botiga\/wp-json\/wp\/v2\/product_tag?post=34648"}],"curies":[{"name":"wp","href":"https:\/\/api.w.org\/{rel}","templated":true}]}}