{"id":34635,"date":"2024-03-18T19:07:48","date_gmt":"2024-03-18T18:07:48","guid":{"rendered":"https:\/\/www.vilaweb.cat\/botiga\/?post_type=product&#038;p=34635"},"modified":"2025-04-28T11:55:07","modified_gmt":"2025-04-28T09:55:07","slug":"la-casa-tapiada-de-julia-de-jodar","status":"publish","type":"product","link":"https:\/\/www.vilaweb.cat\/botiga\/producte\/la-casa-tapiada-de-julia-de-jodar\/","title":{"rendered":"La casa tapiada"},"content":{"rendered":"<p>Vet aqu\u00ed la presumpta biografia de Caballero a mans del senyor Lotari, trenada amb centenars de veus (algunes d\u2019an\u00f2nimes i moltes de ben p\u00fabliques) que despullen i escabetxen sense pietat tant l\u2019home concret com totes les cares i caretes de l\u2019antifranquisme dels seixanta i setanta. El m\u00f3n cultural i intel\u00b7lectual, la disputa entre grups (i egos) de l\u2019esquerra i el catalanisme, les infidelitats als ideals i a les persones, la Gauche Divine, les Jornades Llibert\u00e0ries&#8230; I al mig, tastant totes les olletes sense acabar-se de ficar fins a la cintura en cap fangar, un dels autors m\u00e9s importants de les \u00faltimes d\u00e8cades.<\/p>\n","protected":false},"excerpt":{"rendered":"<p>AUTOR: Juli\u00e0 de J\u00f2dar<br \/>\nISBN: 9788419590961<br \/>\nEDICI\u00d3: 1a<br \/>\nENQUADERNACI\u00d3: R\u00fastica amb solapes<br \/>\nFORMAT: 15 x 23 cm<br \/>\nP\u00c0GINES: 492<br \/>\nIDIOMA: Catal\u00e0<\/p>\n","protected":false},"featured_media":34636,"template":"","meta":[],"product_cat":[427,423,18,49],"product_tag":[],"_links":{"self":[{"href":"https:\/\/www.vilaweb.cat\/botiga\/wp-json\/wp\/v2\/product\/34635"}],"collection":[{"href":"https:\/\/www.vilaweb.cat\/botiga\/wp-json\/wp\/v2\/product"}],"about":[{"href":"https:\/\/www.vilaweb.cat\/botiga\/wp-json\/wp\/v2\/types\/product"}],"wp:featuredmedia":[{"embeddable":true,"href":"https:\/\/www.vilaweb.cat\/botiga\/wp-json\/wp\/v2\/media\/34636"}],"wp:attachment":[{"href":"https:\/\/www.vilaweb.cat\/botiga\/wp-json\/wp\/v2\/media?parent=34635"}],"wp:term":[{"taxonomy":"product_cat","embeddable":true,"href":"https:\/\/www.vilaweb.cat\/botiga\/wp-json\/wp\/v2\/product_cat?post=34635"},{"taxonomy":"product_tag","embeddable":true,"href":"https:\/\/www.vilaweb.cat\/botiga\/wp-json\/wp\/v2\/product_tag?post=34635"}],"curies":[{"name":"wp","href":"https:\/\/api.w.org\/{rel}","templated":true}]}}