{"id":34576,"date":"2024-03-11T19:20:24","date_gmt":"2024-03-11T18:20:24","guid":{"rendered":"https:\/\/www.vilaweb.cat\/botiga\/?post_type=product&#038;p=34576"},"modified":"2026-01-05T17:45:15","modified_gmt":"2026-01-05T16:45:15","slug":"lescola-de-lanima","status":"publish","type":"product","link":"https:\/\/www.vilaweb.cat\/botiga\/producte\/lescola-de-lanima\/","title":{"rendered":"L&#8217;escola de l&#8217;\u00e0nima"},"content":{"rendered":"<p>L\u2019escola de l\u2019\u00e0nima es una invitaci\u00f3 fascinant per descobrir, partint dels fonaments de l\u2019educaci\u00f3, l\u2019horitz\u00f3 d\u2019una vida madura, fecunda i espiritual. Pas a pas, les realitats que anomenen paraules com lloc, ensenyament, companyia, atenci\u00f3, m\u00f3n, cura, contemplaci\u00f3, creaci\u00f3&#8230; van il\u00b7luminant el cam\u00ed amb llum propia i ens descobreixen nous sentits: cada esser hum\u00e0 se\u2019ns revela com a origen, i la trobada, com &#8220;una \u00e0nima que toca una altra \u00e0nima&#8221;. Una vegada mes, Josep Maria Esquirol, a la seva recerca de l\u2019essencia de les coses, ens planteja una proposta lluminosa i esperan\u00e7adora en temps de desorientaci\u00f3, una conspiraci\u00f3 singular\u00edssima, l\u2019orde filosofic de l\u2019amor.<\/p>\n","protected":false},"excerpt":{"rendered":"<p>AUTOR: Josep Maria Esquirol<br \/>\nISBN: 9788477276845<br \/>\nEDICI\u00d3: 1a<br \/>\nENQUADERNACI\u00d3: R\u00fastica amb solapes<br \/>\nFORMAT: 13 x 21 cm<br \/>\nP\u00c0GINES: 192<br \/>\nIDIOMA: Catal\u00e0<\/p>\n","protected":false},"featured_media":34575,"template":"","meta":[],"product_cat":[42,18],"product_tag":[],"_links":{"self":[{"href":"https:\/\/www.vilaweb.cat\/botiga\/wp-json\/wp\/v2\/product\/34576"}],"collection":[{"href":"https:\/\/www.vilaweb.cat\/botiga\/wp-json\/wp\/v2\/product"}],"about":[{"href":"https:\/\/www.vilaweb.cat\/botiga\/wp-json\/wp\/v2\/types\/product"}],"wp:featuredmedia":[{"embeddable":true,"href":"https:\/\/www.vilaweb.cat\/botiga\/wp-json\/wp\/v2\/media\/34575"}],"wp:attachment":[{"href":"https:\/\/www.vilaweb.cat\/botiga\/wp-json\/wp\/v2\/media?parent=34576"}],"wp:term":[{"taxonomy":"product_cat","embeddable":true,"href":"https:\/\/www.vilaweb.cat\/botiga\/wp-json\/wp\/v2\/product_cat?post=34576"},{"taxonomy":"product_tag","embeddable":true,"href":"https:\/\/www.vilaweb.cat\/botiga\/wp-json\/wp\/v2\/product_tag?post=34576"}],"curies":[{"name":"wp","href":"https:\/\/api.w.org\/{rel}","templated":true}]}}