{"id":34551,"date":"2024-03-07T12:44:11","date_gmt":"2024-03-07T11:44:11","guid":{"rendered":"https:\/\/www.vilaweb.cat\/botiga\/?post_type=product&#038;p=34551"},"modified":"2024-07-18T11:07:21","modified_gmt":"2024-07-18T09:07:21","slug":"la-casa-del-pla","status":"publish","type":"product","link":"https:\/\/www.vilaweb.cat\/botiga\/producte\/la-casa-del-pla\/","title":{"rendered":"La casa del Pla"},"content":{"rendered":"<p>Una fam\u00edlia, una casa, un carrer, un poble&#8230; Durant els anys trenta del segle passat, quatre generacions conviuen a la casa del Pla, entre la f\u00e0brica, la vinya i el teatre. Un calidoscopi en qu\u00e8 els personatges es posicionen o es deixen portar pels esdeveniments de l&#8217;\u00e8poca que els ha tocat viure. La casa del Pla \u00e9s una novel\u00b7la hist\u00f2rica, de la hist\u00f2ria en lletra petita. Els herois i hero\u00efnes de La casa del Pla tenen nom, cognoms i veu.<\/p>\n","protected":false},"excerpt":{"rendered":"<p>AUTOR: E. Viladoms<br \/>\nISBN: 9788412684063<br \/>\nEDICI\u00d3: 1a<br \/>\nENQUADERNACI\u00d3: R\u00fastica amb solapes<br \/>\nFORMAT: 15 x 23 cm<br \/>\nP\u00c0GINES: 250<br \/>\nIDIOMA: Catal\u00e0<\/p>\n","protected":false},"featured_media":34552,"template":"","meta":[],"product_cat":[49,18],"product_tag":[],"_links":{"self":[{"href":"https:\/\/www.vilaweb.cat\/botiga\/wp-json\/wp\/v2\/product\/34551"}],"collection":[{"href":"https:\/\/www.vilaweb.cat\/botiga\/wp-json\/wp\/v2\/product"}],"about":[{"href":"https:\/\/www.vilaweb.cat\/botiga\/wp-json\/wp\/v2\/types\/product"}],"wp:featuredmedia":[{"embeddable":true,"href":"https:\/\/www.vilaweb.cat\/botiga\/wp-json\/wp\/v2\/media\/34552"}],"wp:attachment":[{"href":"https:\/\/www.vilaweb.cat\/botiga\/wp-json\/wp\/v2\/media?parent=34551"}],"wp:term":[{"taxonomy":"product_cat","embeddable":true,"href":"https:\/\/www.vilaweb.cat\/botiga\/wp-json\/wp\/v2\/product_cat?post=34551"},{"taxonomy":"product_tag","embeddable":true,"href":"https:\/\/www.vilaweb.cat\/botiga\/wp-json\/wp\/v2\/product_tag?post=34551"}],"curies":[{"name":"wp","href":"https:\/\/api.w.org\/{rel}","templated":true}]}}