{"id":34422,"date":"2024-02-20T13:13:06","date_gmt":"2024-02-20T12:13:06","guid":{"rendered":"https:\/\/www.vilaweb.cat\/botiga\/?post_type=product&#038;p=34422"},"modified":"2026-03-14T11:33:16","modified_gmt":"2026-03-14T10:33:16","slug":"llengut","status":"publish","type":"product","link":"https:\/\/www.vilaweb.cat\/botiga\/producte\/llengut\/","title":{"rendered":"Llengut"},"content":{"rendered":"<div class=\"elementor-element elementor-element-063e133 elementor-widget elementor-widget-text-editor\" data-id=\"063e133\" data-element_type=\"widget\" data-widget_type=\"text-editor.default\">\n<div class=\"elementor-widget-container\">\n<p><i>Llengut\u00a0<\/i>\u00e9s un joc basat en preguntes per aprendre sobre el catal\u00e0 i la resta de lleng\u00fces del m\u00f3n.<\/p>\n<\/div>\n<\/div>\n<div class=\"elementor-element elementor-element-adea949 elementor-widget elementor-widget-text-editor\" data-id=\"adea949\" data-element_type=\"widget\" data-widget_type=\"text-editor.default\">\n<div class=\"elementor-widget-container\">\n<p>Encerta totes les respostes que puguis per convertir-te en el m\u00e9s llengut o llenguda del grup!<\/p>\n<\/div>\n<\/div>\n<div class=\"elementor-element elementor-element-76c9c54 elementor-widget elementor-widget-text-editor\" data-id=\"76c9c54\" data-element_type=\"widget\" data-widget_type=\"text-editor.default\">\n<div class=\"elementor-widget-container\">\n<p><b>Durada:<\/b>\u00a0entre 10 min i 1 h<\/p>\n<p><b>Jugadors:<\/b>\u00a0de 2 a 6 persones<\/p>\n<p><b>Edat:\u00a0<\/b>a partir de 14 anys<\/p>\n<\/div>\n<\/div>\n","protected":false},"excerpt":{"rendered":"<p>El joc Llengut s\u2019estructura en un format semblant al del Trivial Pursuit. Les preguntes es divideixen en sis categories<br \/>\ni inclouen q\u00fcestions relacionades amb l\u2019etimologia, les curiositats gramaticals i l\u00e8xiques, l\u2019ortografia i els falsos amics, entre molts d\u2019altres.<\/p>\n","protected":false},"featured_media":43579,"template":"","meta":[],"product_cat":[59],"product_tag":[],"_links":{"self":[{"href":"https:\/\/www.vilaweb.cat\/botiga\/wp-json\/wp\/v2\/product\/34422"}],"collection":[{"href":"https:\/\/www.vilaweb.cat\/botiga\/wp-json\/wp\/v2\/product"}],"about":[{"href":"https:\/\/www.vilaweb.cat\/botiga\/wp-json\/wp\/v2\/types\/product"}],"wp:featuredmedia":[{"embeddable":true,"href":"https:\/\/www.vilaweb.cat\/botiga\/wp-json\/wp\/v2\/media\/43579"}],"wp:attachment":[{"href":"https:\/\/www.vilaweb.cat\/botiga\/wp-json\/wp\/v2\/media?parent=34422"}],"wp:term":[{"taxonomy":"product_cat","embeddable":true,"href":"https:\/\/www.vilaweb.cat\/botiga\/wp-json\/wp\/v2\/product_cat?post=34422"},{"taxonomy":"product_tag","embeddable":true,"href":"https:\/\/www.vilaweb.cat\/botiga\/wp-json\/wp\/v2\/product_tag?post=34422"}],"curies":[{"name":"wp","href":"https:\/\/api.w.org\/{rel}","templated":true}]}}