{"id":34417,"date":"2024-02-19T18:50:42","date_gmt":"2024-02-19T17:50:42","guid":{"rendered":"https:\/\/www.vilaweb.cat\/botiga\/?post_type=product&#038;p=34417"},"modified":"2026-03-19T12:58:14","modified_gmt":"2026-03-19T11:58:14","slug":"figureta-el-mes-petit-de-tots","status":"publish","type":"product","link":"https:\/\/www.vilaweb.cat\/botiga\/producte\/figureta-el-mes-petit-de-tots\/","title":{"rendered":"Figureta &#8220;El m\u00e9s petit de tots&#8221;"},"content":{"rendered":"<p>L&#8217;any 1937 el Comissariat de Propaganda de la Generalitat republicana va adoptar com a icona de la seva activitat la figura creada per l&#8217;escultor Miquel Paredes: &#8220;El m\u00e9s petit de tots&#8221;, batejat aix\u00ed en record de la can\u00e7\u00f3 popular &#8220;Els tres tambors&#8221;.<\/p>\n<p>Per donar vida a la popular icona, el Comissariat va encarregar una nova lletra al poeta Pere Quart, un enregistrament musical al tenor Emili Vendrell i un conte il\u00b7lustrat a la dibuixant Lola Anglada.<\/p>\n<p>La \u201cmascota de la Revoluci\u00f3\u201d va ser massivament venuda en forma de figureta, la seva forma original, com tamb\u00e9 en forma d\u2019agulla, postal i p\u00f2ster i servia per a recaptar fons per a les mil\u00edcies del front de guerra. Durant la guerra, se\u2019n van vendre unes 90.000 reproduccions, la gran majoria amb la senyera, per\u00f2 tamb\u00e9 amb les banderes roja i negra, roja amb fal\u00e7 i martell, i tricolor republicana espanyola.<\/p>\n<p>Amb l\u2019ocupaci\u00f3 feixista, la majoria es van destruir per por a repres\u00e0lies.<\/p>\n","protected":false},"excerpt":{"rendered":"<p>Reedici\u00f3 2022<\/p>\n<p>(Mida 5cm x 8,5cm | fet amb resina)<\/p>\n","protected":false},"featured_media":34419,"template":"","meta":[],"product_cat":[102],"product_tag":[],"_links":{"self":[{"href":"https:\/\/www.vilaweb.cat\/botiga\/wp-json\/wp\/v2\/product\/34417"}],"collection":[{"href":"https:\/\/www.vilaweb.cat\/botiga\/wp-json\/wp\/v2\/product"}],"about":[{"href":"https:\/\/www.vilaweb.cat\/botiga\/wp-json\/wp\/v2\/types\/product"}],"wp:featuredmedia":[{"embeddable":true,"href":"https:\/\/www.vilaweb.cat\/botiga\/wp-json\/wp\/v2\/media\/34419"}],"wp:attachment":[{"href":"https:\/\/www.vilaweb.cat\/botiga\/wp-json\/wp\/v2\/media?parent=34417"}],"wp:term":[{"taxonomy":"product_cat","embeddable":true,"href":"https:\/\/www.vilaweb.cat\/botiga\/wp-json\/wp\/v2\/product_cat?post=34417"},{"taxonomy":"product_tag","embeddable":true,"href":"https:\/\/www.vilaweb.cat\/botiga\/wp-json\/wp\/v2\/product_tag?post=34417"}],"curies":[{"name":"wp","href":"https:\/\/api.w.org\/{rel}","templated":true}]}}