{"id":34413,"date":"2024-02-19T18:32:31","date_gmt":"2024-02-19T17:32:31","guid":{"rendered":"https:\/\/www.vilaweb.cat\/botiga\/?post_type=product&#038;p=34413"},"modified":"2026-01-03T13:31:10","modified_gmt":"2026-01-03T12:31:10","slug":"auca-del-noi-catala-antifeixista-i-huma","status":"publish","type":"product","link":"https:\/\/www.vilaweb.cat\/botiga\/producte\/auca-del-noi-catala-antifeixista-i-huma\/","title":{"rendered":"Auca del noi catal\u00e0, antifeixista i hum\u00e0"},"content":{"rendered":"<p>En plena Guerra Civil, el Comissariat de Propaganda de Catalunya va inaugurar la seva col\u00b7lecci\u00f3 infantil amb l\u2019Auca del noi catal\u00e0, antifeixista i hum\u00e0, com una resposta art\u00edstica i poetica, de caire popular, a les dificultats extremes que patia la Segona Rep\u00fablica.<\/p>\n<p>L\u2019Auca repassa en quaranta-vuit vinyetes bicolors la vida d\u2019un vailet modelic, en Germ\u00e0, des que neix un 19 de juliol \u2014coincident amb el cop d\u2019Estat a Barcelona a mans dels nacionalistes\u2014 fins que es enviat al front de Madrid. Mitjan\u00e7ant rodolins, del fotograf i editor Pere Catal\u00e0 i Pic, en Germ\u00e0 difon consells i moralitats en el marc quotidi\u00e0 del que es considerava ser &#8220;un bon jan, republic\u00e0 i catal\u00e0&#8221;.<\/p>\n<p>En aquesta obra singular, destaca el comprom\u00eds pol\u00edtic i ciutad\u00e0 de la Catalunya republicana recolzat en l\u2019ideal de bellesa que el noucentisme considerava fonamental en l\u2019educaci\u00f3. Les il\u00b7lustracions del mestre Josep Obiols, &#8220;l\u2019home c\u00edvic&#8221;, que van servir com instrument de propaganda a l\u2019estranger en contra del feixisme, s\u00f3n una mostra del seu comprom\u00eds a favor de l\u2019ensenyament i la cultura en catal\u00e0.<\/p>\n","protected":false},"excerpt":{"rendered":"<p>AUTOR: Pere Catal\u00e0 i Pic \/ Josep Obiols<br \/>\nISBN: 9788412570595<br \/>\nEDICI\u00d3: Ajuntament de Barcelona i Libros del Zorro Rojo (2024)<br \/>\nENQUADERNACI\u00d3: dura<br \/>\nFORMAT: 17 x 19 cm<br \/>\nP\u00c0GINES: 20<br \/>\nIDIOMA: Catal\u00e0<\/p>\n","protected":false},"featured_media":34415,"template":"","meta":[],"product_cat":[45,18,291],"product_tag":[],"_links":{"self":[{"href":"https:\/\/www.vilaweb.cat\/botiga\/wp-json\/wp\/v2\/product\/34413"}],"collection":[{"href":"https:\/\/www.vilaweb.cat\/botiga\/wp-json\/wp\/v2\/product"}],"about":[{"href":"https:\/\/www.vilaweb.cat\/botiga\/wp-json\/wp\/v2\/types\/product"}],"wp:featuredmedia":[{"embeddable":true,"href":"https:\/\/www.vilaweb.cat\/botiga\/wp-json\/wp\/v2\/media\/34415"}],"wp:attachment":[{"href":"https:\/\/www.vilaweb.cat\/botiga\/wp-json\/wp\/v2\/media?parent=34413"}],"wp:term":[{"taxonomy":"product_cat","embeddable":true,"href":"https:\/\/www.vilaweb.cat\/botiga\/wp-json\/wp\/v2\/product_cat?post=34413"},{"taxonomy":"product_tag","embeddable":true,"href":"https:\/\/www.vilaweb.cat\/botiga\/wp-json\/wp\/v2\/product_tag?post=34413"}],"curies":[{"name":"wp","href":"https:\/\/api.w.org\/{rel}","templated":true}]}}