{"id":34327,"date":"2024-02-06T12:37:04","date_gmt":"2024-02-06T11:37:04","guid":{"rendered":"https:\/\/www.vilaweb.cat\/botiga\/?post_type=product&#038;p=34327"},"modified":"2026-01-16T19:14:43","modified_gmt":"2026-01-16T18:14:43","slug":"vicent-andres-estelles-la-veu-dun-poble","status":"publish","type":"product","link":"https:\/\/www.vilaweb.cat\/botiga\/producte\/vicent-andres-estelles-la-veu-dun-poble\/","title":{"rendered":"Vicent Andr\u00e9s Estell\u00e9s. La veu d\u2019un poble"},"content":{"rendered":"<p>Vicent Andr\u00e9s Estell\u00e9s \u00e9s un dels poetes fonamentals de la literatura catalana. La seua obra \u00e9s una narraci\u00f3 \u00edntima i universal de la nostra hist\u00f2ria recent: la mort i la fam, l\u2019horror de la guerra, la crua postguerra i la derrota col\u00b7lectiva. Per\u00f2 tamb\u00e9 la resist\u00e8ncia, l\u2019esperan\u00e7a, la lluita constant i la fr\u00e0gil alegria. En aquest llibre \u00fanic, la primera biografia sobre Vicent Andr\u00e9s Estell\u00e9s, el m\u00fasic i escriptor Pau Alabajos ens acosta al recorregut vital del poeta amb motiu de la celebraci\u00f3 del centenari del seu naixement. Un viatge que parteix dels seus poemes clau per mostrar-nos la vessant m\u00e9s humana d\u2019Estell\u00e9s. El fill del forner de Burjassot. El periodista comprom\u00e8s acomiadat pel diari on treballava. El poeta que es conjura amb la causa dels explotats i la reconstrucci\u00f3 d\u2019un pa\u00eds ven\u00e7ut. Que igual recitava en una associaci\u00f3 de ve\u00efns que rebia els m\u00e0xims guardons de les lletres catalanes. Que es convert\u00ed en emblema i mat\u00e8ria primera del moviment popular de la Nova Can\u00e7\u00f3. I que, mentre la nostra xarxa cultural de base el reconeixia arreu del pa\u00eds, era perseguit i amena\u00e7at per la dreta franquista que encara avui l\u2019intenta censurar. El poeta que va esdevenir la veu d\u2019un poble.<\/p>\n","protected":false},"excerpt":{"rendered":"<p>AUTOR: Pau Alabajos<br \/>\nISBN: 9788410198005<br \/>\nEDICI\u00d3: 1a<br \/>\nENQUADERNACI\u00d3: r\u00fastica amb solapes<br \/>\nFORMAT: 16 x 22,5 cm<br \/>\nP\u00c0GINES: 161<br \/>\nIDIOMA: Catal\u00e0<\/p>\n","protected":false},"featured_media":34328,"template":"","meta":[],"product_cat":[427,18],"product_tag":[],"_links":{"self":[{"href":"https:\/\/www.vilaweb.cat\/botiga\/wp-json\/wp\/v2\/product\/34327"}],"collection":[{"href":"https:\/\/www.vilaweb.cat\/botiga\/wp-json\/wp\/v2\/product"}],"about":[{"href":"https:\/\/www.vilaweb.cat\/botiga\/wp-json\/wp\/v2\/types\/product"}],"wp:featuredmedia":[{"embeddable":true,"href":"https:\/\/www.vilaweb.cat\/botiga\/wp-json\/wp\/v2\/media\/34328"}],"wp:attachment":[{"href":"https:\/\/www.vilaweb.cat\/botiga\/wp-json\/wp\/v2\/media?parent=34327"}],"wp:term":[{"taxonomy":"product_cat","embeddable":true,"href":"https:\/\/www.vilaweb.cat\/botiga\/wp-json\/wp\/v2\/product_cat?post=34327"},{"taxonomy":"product_tag","embeddable":true,"href":"https:\/\/www.vilaweb.cat\/botiga\/wp-json\/wp\/v2\/product_tag?post=34327"}],"curies":[{"name":"wp","href":"https:\/\/api.w.org\/{rel}","templated":true}]}}