{"id":34061,"date":"2024-01-08T10:17:12","date_gmt":"2024-01-08T09:17:12","guid":{"rendered":"https:\/\/www.vilaweb.cat\/botiga\/?post_type=product&#038;p=34061"},"modified":"2026-01-16T19:15:11","modified_gmt":"2026-01-16T18:15:11","slug":"el-silenci-que-heu-de-temer","status":"publish","type":"product","link":"https:\/\/www.vilaweb.cat\/botiga\/producte\/el-silenci-que-heu-de-temer\/","title":{"rendered":"El Silenci que heu de t\u00e9mer"},"content":{"rendered":"<p class=\"font_8 wixui-rich-text__text\"><span class=\"wixui-rich-text__text\">En ple segle XVII, Mallorca viu entre el desfici dels arist\u00f2crates per la Monarquia Hisp\u00e0nica i una poblaci\u00f3 que s\u2019ho mira en una sospitosa i callada indifer\u00e8ncia; com discrets, per\u00f2 innegables s\u00f3n els records de la Germania, la revolta durament reprimida el segle anterior. A mesura que la Guerra dels Segadors s&#8217;enc\u00e9n a Catalunya, el temor d&#8217;una r\u00e8plica a Mallorca es far\u00e0 viu entre els governants i tamb\u00e9 entre els nobles, que fa d\u00e8cades que es maten, enfrontats en les faccions de Canamunt i Canavall.<\/span><\/p>\n<p class=\"font_8 wixui-rich-text__text\"><br class=\"wixui-rich-text__text\" \/><span class=\"wixui-rich-text__text\">Enmig d&#8217;aquest desgavell, una dona surt de solc. No pertany a una nissaga qualsevol; els seus estan implicats en una de les violentes parcialitats. I, tanmateix, no dubtar\u00e0 a participar en aquestes guerres simult\u00e0nies, assistida per unes qualitats que la fan excepcional: \u00e9s ambiciosa, \u00e9s intel\u00b7ligent, per\u00f2, sobretot, \u00e9s invisible.<\/span><\/p>\n","protected":false},"excerpt":{"rendered":"<p>AUTOR: Francesc Ribera &#8220;Titot&#8221;<\/p>\n","protected":false},"featured_media":34062,"template":"","meta":[],"product_cat":[427,18],"product_tag":[],"_links":{"self":[{"href":"https:\/\/www.vilaweb.cat\/botiga\/wp-json\/wp\/v2\/product\/34061"}],"collection":[{"href":"https:\/\/www.vilaweb.cat\/botiga\/wp-json\/wp\/v2\/product"}],"about":[{"href":"https:\/\/www.vilaweb.cat\/botiga\/wp-json\/wp\/v2\/types\/product"}],"wp:featuredmedia":[{"embeddable":true,"href":"https:\/\/www.vilaweb.cat\/botiga\/wp-json\/wp\/v2\/media\/34062"}],"wp:attachment":[{"href":"https:\/\/www.vilaweb.cat\/botiga\/wp-json\/wp\/v2\/media?parent=34061"}],"wp:term":[{"taxonomy":"product_cat","embeddable":true,"href":"https:\/\/www.vilaweb.cat\/botiga\/wp-json\/wp\/v2\/product_cat?post=34061"},{"taxonomy":"product_tag","embeddable":true,"href":"https:\/\/www.vilaweb.cat\/botiga\/wp-json\/wp\/v2\/product_tag?post=34061"}],"curies":[{"name":"wp","href":"https:\/\/api.w.org\/{rel}","templated":true}]}}