{"id":33783,"date":"2023-12-28T18:12:07","date_gmt":"2023-12-28T17:12:07","guid":{"rendered":"https:\/\/www.vilaweb.cat\/botiga\/?post_type=product&#038;p=33783"},"modified":"2026-01-29T19:22:54","modified_gmt":"2026-01-29T18:22:54","slug":"bossa-no-puc-tinc-guardia","status":"publish","type":"product","link":"https:\/\/www.vilaweb.cat\/botiga\/producte\/bossa-no-puc-tinc-guardia\/","title":{"rendered":"Bossa &#8220;no puc tinc guardia&#8221;"},"content":{"rendered":"<p>Si busques un regal significatiu per a aquell metge especial a la teva vida, la tote bag \u201cNo puc, tinc gu\u00e0rdia\u201d \u00e9s la tria perfecta. No nom\u00e9s els far\u00e0 recordar la seva dedicaci\u00f3 envers la seva professi\u00f3, sin\u00f3 que tamb\u00e9 ser\u00e0 una mostra de suport i apreci envers el seu incansable treball en benefici de la salut i el benestar de la comunitat.<\/p>\n","protected":false},"excerpt":{"rendered":"<div>Mides: 58 x 38 x 21 cm. Nanses 65 cm<br \/>\nGramatge: 220 g\/m\u00b2<br \/>\nMaterial: 100% Cot\u00f3<\/div>\n<div>Certificat: OEKO-TEX\u00ae Standard 100<\/div>\n<div><\/div>\n<div>Producte de Faves Comptades<\/div>\n","protected":false},"featured_media":33784,"template":"","meta":[],"product_cat":[293,62],"product_tag":[],"_links":{"self":[{"href":"https:\/\/www.vilaweb.cat\/botiga\/wp-json\/wp\/v2\/product\/33783"}],"collection":[{"href":"https:\/\/www.vilaweb.cat\/botiga\/wp-json\/wp\/v2\/product"}],"about":[{"href":"https:\/\/www.vilaweb.cat\/botiga\/wp-json\/wp\/v2\/types\/product"}],"wp:featuredmedia":[{"embeddable":true,"href":"https:\/\/www.vilaweb.cat\/botiga\/wp-json\/wp\/v2\/media\/33784"}],"wp:attachment":[{"href":"https:\/\/www.vilaweb.cat\/botiga\/wp-json\/wp\/v2\/media?parent=33783"}],"wp:term":[{"taxonomy":"product_cat","embeddable":true,"href":"https:\/\/www.vilaweb.cat\/botiga\/wp-json\/wp\/v2\/product_cat?post=33783"},{"taxonomy":"product_tag","embeddable":true,"href":"https:\/\/www.vilaweb.cat\/botiga\/wp-json\/wp\/v2\/product_tag?post=33783"}],"curies":[{"name":"wp","href":"https:\/\/api.w.org\/{rel}","templated":true}]}}