{"id":33176,"date":"2023-12-13T12:22:50","date_gmt":"2023-12-13T11:22:50","guid":{"rendered":"https:\/\/www.vilaweb.cat\/botiga\/?post_type=product&#038;p=33176"},"modified":"2025-11-21T18:01:14","modified_gmt":"2025-11-21T17:01:14","slug":"espelma-test-blau","status":"publish","type":"product","link":"https:\/\/www.vilaweb.cat\/botiga\/producte\/espelma-test-blau\/","title":{"rendered":"Espelma Test blau"},"content":{"rendered":"","protected":false},"excerpt":{"rendered":"<p>Espelma decorativa dins d&#8217;un test de cer\u00e0mica blau, espelma per a exterior de cera de soia amb ess\u00e8ncia de citronel\u00b7la de Java i farigola,\u00a0 un bon aliat per a combatre els mosquits gr\u00e0cies a la seva f\u00f3rmula \u00fanica de citronel\u00b7la de Cerabella.<\/p>\n<p>15,5\u00d715 cm<\/p>\n","protected":false},"featured_media":33182,"template":"","meta":[],"product_cat":[90],"product_tag":[],"_links":{"self":[{"href":"https:\/\/www.vilaweb.cat\/botiga\/wp-json\/wp\/v2\/product\/33176"}],"collection":[{"href":"https:\/\/www.vilaweb.cat\/botiga\/wp-json\/wp\/v2\/product"}],"about":[{"href":"https:\/\/www.vilaweb.cat\/botiga\/wp-json\/wp\/v2\/types\/product"}],"wp:featuredmedia":[{"embeddable":true,"href":"https:\/\/www.vilaweb.cat\/botiga\/wp-json\/wp\/v2\/media\/33182"}],"wp:attachment":[{"href":"https:\/\/www.vilaweb.cat\/botiga\/wp-json\/wp\/v2\/media?parent=33176"}],"wp:term":[{"taxonomy":"product_cat","embeddable":true,"href":"https:\/\/www.vilaweb.cat\/botiga\/wp-json\/wp\/v2\/product_cat?post=33176"},{"taxonomy":"product_tag","embeddable":true,"href":"https:\/\/www.vilaweb.cat\/botiga\/wp-json\/wp\/v2\/product_tag?post=33176"}],"curies":[{"name":"wp","href":"https:\/\/api.w.org\/{rel}","templated":true}]}}