{"id":33078,"date":"2023-12-05T15:17:19","date_gmt":"2023-12-05T14:17:19","guid":{"rendered":"https:\/\/www.vilaweb.cat\/botiga\/?post_type=product&#038;p=33078"},"modified":"2025-01-08T18:13:56","modified_gmt":"2025-01-08T17:13:56","slug":"cartes-dun-polemista-1907-1973-2","status":"publish","type":"product","link":"https:\/\/www.vilaweb.cat\/botiga\/producte\/cartes-dun-polemista-1907-1973-2\/","title":{"rendered":"Cartes d\u2019un polemista (1907-1973)"},"content":{"rendered":"<p>Escriptor brillant i polifac\u00e8tic, Eugeni Xammar va ser una figura fonamental del periodisme catal\u00e0 de la primera meitat del segle XX. Dotat d\u2019una llibertat d\u2019esperit absoluta, va posar fi a la seva carrera period\u00edstica despr\u00e9s de la Guerra Civil, i va exercir com a traductor fins a la mort. De Josep Pla a Jorge Sempr\u00fan, de Francesc Pujols a Montserrat Roig, d\u2019Armand Obiols a Joan de Sagarra, van ser moltes les persones que van deixar per escrit l\u2019impacte que els havia produ\u00eft con\u00e8ixer o llegir un home d\u2019una personalitat tan imponent i carism\u00e0tica. Les cartes aplegades en aquest volum, escrites al llarg de prop de setanta anys, donen al lector l\u2019oportunitat de retrobar la veu inconfusible de Xammar\u2014com a corresponsal a Berl\u00edn durant l\u2019adveniment del nazisme, diplom\u00e0tic durant la Guerra Civil o traductor errant a l\u2019exili\u2014i de gaudir aix\u00ed de la sagacitat, la franquesa i la desimboltura amb qu\u00e8 observava el m\u00f3n.<\/p>\n<p>Edici\u00f3 i pr\u00f2leg de Xavier Pla<br \/>\nEp\u00edleg d\u2019Amadeu Cuito<\/p>\n","protected":false},"excerpt":{"rendered":"<p>AUTOR: Eugeni Xammar<br \/>\nISBN: 978-84-7727-573-2<br \/>\nEDICI\u00d3: 1a (Maig 2019)<br \/>\nENQUADERNACI\u00d3: R\u00fastega cosida<br \/>\nFORMAT: 13,1 x 21 cm<br \/>\nP\u00c0GINES: 600<br \/>\nIDIOMA: Catal\u00e0<\/p>\n","protected":false},"featured_media":33079,"template":"","meta":[],"product_cat":[42,18],"product_tag":[],"_links":{"self":[{"href":"https:\/\/www.vilaweb.cat\/botiga\/wp-json\/wp\/v2\/product\/33078"}],"collection":[{"href":"https:\/\/www.vilaweb.cat\/botiga\/wp-json\/wp\/v2\/product"}],"about":[{"href":"https:\/\/www.vilaweb.cat\/botiga\/wp-json\/wp\/v2\/types\/product"}],"wp:featuredmedia":[{"embeddable":true,"href":"https:\/\/www.vilaweb.cat\/botiga\/wp-json\/wp\/v2\/media\/33079"}],"wp:attachment":[{"href":"https:\/\/www.vilaweb.cat\/botiga\/wp-json\/wp\/v2\/media?parent=33078"}],"wp:term":[{"taxonomy":"product_cat","embeddable":true,"href":"https:\/\/www.vilaweb.cat\/botiga\/wp-json\/wp\/v2\/product_cat?post=33078"},{"taxonomy":"product_tag","embeddable":true,"href":"https:\/\/www.vilaweb.cat\/botiga\/wp-json\/wp\/v2\/product_tag?post=33078"}],"curies":[{"name":"wp","href":"https:\/\/api.w.org\/{rel}","templated":true}]}}