{"id":33074,"date":"2023-12-05T15:11:21","date_gmt":"2023-12-05T14:11:21","guid":{"rendered":"https:\/\/www.vilaweb.cat\/botiga\/?post_type=product&#038;p=33074"},"modified":"2026-03-27T19:54:04","modified_gmt":"2026-03-27T18:54:04","slug":"cartes-a-josep-pla-i-altres-cartes-i-documents","status":"publish","type":"product","link":"https:\/\/www.vilaweb.cat\/botiga\/producte\/cartes-a-josep-pla-i-altres-cartes-i-documents\/","title":{"rendered":"Cartes a Josep Pla i altres cartes i documents"},"content":{"rendered":"<p>\u00abEn Xammar m\u2019ha ensenyat m\u00e9s que tots els llibres plegats. \u00c9s l\u2019home m\u00e9s intel\u00b7ligent que jo conec, el que t\u00e9 un cop d\u2019ull m\u00e9s segur i un coneixement del m\u00f3n m\u00e9s vast. \u00c9s, encara, la naturalesa d\u2019home m\u00e9s humana que he tractat, la persona menys prim\u00e0ria, el senyor que t\u00e9 la ra\u00f3 m\u00e9s desperta i l\u2019enteniment m\u00e9s clar. No passa dia que no pensi en ell, en el que m\u2019ha dit i, sobretot, en el que m\u2019ha insinuat. Despr\u00e9s d\u2019aix\u00f2, excuso dir que la meva m\u00e9s gran esperan\u00e7a \u00e9s poder treballar un dia a Barcelona en alguna cosa amb en Xammar costat per costat\u00bb.<br \/>\nJosep Pla (1927)<\/p>\n<p>\u00abSi em prometeu que no ho heu de fer c\u00f3rrer, us dir\u00e9 que sou l\u2019\u00fanic catal\u00e0 que sap escriure. Em direu en Carner, naturalment, i jo us dir\u00e9 que teniu ra\u00f3. Per\u00f2 en Carner \u00e9s principalment un poeta i, a la prosa, les seves\u00a0<em>voies d\u2019approche<\/em>, que diem els francesos, s\u00f3n infinitament menys directes que les vostres. El senyor Pujols \u00e9s un cas que cau fora de la llei general. Els dem\u00e9s s\u00f3n\u2014o som\u2014unes coques\u00bb.<br \/>\nEugeni Xammar (1925)<\/p>\n","protected":false},"excerpt":{"rendered":"<p>AUTOR: Eugeni Xammar<br \/>\nISBN: 978-84-7727-292-2<br \/>\nEDICI\u00d3: 1a<br \/>\nENQUADERNACI\u00d3: R\u00fastega cosida<br \/>\nFORMAT: 13,1 x 21 cm<br \/>\nP\u00c0GINES: 224<br \/>\nIDIOMA: Catal\u00e0<\/p>\n","protected":false},"featured_media":33075,"template":"","meta":[],"product_cat":[42,18],"product_tag":[],"_links":{"self":[{"href":"https:\/\/www.vilaweb.cat\/botiga\/wp-json\/wp\/v2\/product\/33074"}],"collection":[{"href":"https:\/\/www.vilaweb.cat\/botiga\/wp-json\/wp\/v2\/product"}],"about":[{"href":"https:\/\/www.vilaweb.cat\/botiga\/wp-json\/wp\/v2\/types\/product"}],"wp:featuredmedia":[{"embeddable":true,"href":"https:\/\/www.vilaweb.cat\/botiga\/wp-json\/wp\/v2\/media\/33075"}],"wp:attachment":[{"href":"https:\/\/www.vilaweb.cat\/botiga\/wp-json\/wp\/v2\/media?parent=33074"}],"wp:term":[{"taxonomy":"product_cat","embeddable":true,"href":"https:\/\/www.vilaweb.cat\/botiga\/wp-json\/wp\/v2\/product_cat?post=33074"},{"taxonomy":"product_tag","embeddable":true,"href":"https:\/\/www.vilaweb.cat\/botiga\/wp-json\/wp\/v2\/product_tag?post=33074"}],"curies":[{"name":"wp","href":"https:\/\/api.w.org\/{rel}","templated":true}]}}