{"id":33071,"date":"2023-12-05T15:02:49","date_gmt":"2023-12-05T14:02:49","guid":{"rendered":"https:\/\/www.vilaweb.cat\/botiga\/?post_type=product&#038;p=33071"},"modified":"2026-01-16T19:15:40","modified_gmt":"2026-01-16T18:15:40","slug":"lou-de-la-serp","status":"publish","type":"product","link":"https:\/\/www.vilaweb.cat\/botiga\/producte\/lou-de-la-serp\/","title":{"rendered":"L\u2019ou de la serp"},"content":{"rendered":"<p>Eugeni Xammar va arribar a Berl\u00edn l\u2019hivern de 1922. Hi va trobar una Alemanya que patia les conseq\u00fc\u00e8ncies de la derrota i en la qual es gestava el nazisme. Va viure de primera m\u00e0 moments hist\u00f2rics d\u2019una import\u00e0ncia cabdal, com ara la inflaci\u00f3 extraordin\u00e0ria de la moneda alemanya o l\u2019ocupaci\u00f3 de les terres del Ruhr per l\u2019ex\u00e8rcit franc\u00e8s, decidit a cobrar-se les indemnitzacions de guerra fixades al tractat de Versalles. Episodis com aquests, que, passats tants anys, han quedat desdibuixats, explicats per Xammar prenen una vivor que ens absorbeix. A Berl\u00edn, Xammar va coincidir amb Josep Pla\u2014aleshores corresponsal de <em>La Publicitat<\/em>\u2014, amb qui, de 1923 a 1925, va menar una activitat professional paral\u00b7lela. Van viatjar plegats a Ren\u00e0nia i a Baviera, des d\u2019on van descriure entre altres coses els consells de guerra francesos a ciutadans alemanys poc disposats a col\u00b7laborar o el frustrat cop d\u2019Estat de Hitler en una cerveseria de Munic i l\u2019entrevista que tots dos van fer-li en \u00e8poca tan primerenca com 1923. Aquests textos s\u00f3n recollits en el present volum i descobreixen un Xammar d\u2019una capacitat descriptiva, anal\u00edtica i liter\u00e0ria desacostumada i ens obren una finestra amb gran angle de visi\u00f3 sobre un dels moments m\u00e9s fascinants de la hist\u00f2ria europea recent.<\/p>\n","protected":false},"excerpt":{"rendered":"<p>AUTOR: Eugeni Xammar<br \/>\nISBN: 978-84-7727-244-1<br \/>\nEDICI\u00d3: 2a<br \/>\nENQUADERNACI\u00d3: R\u00fastega cosida<br \/>\nFORMAT: 13,1 x 21 cm<br \/>\nP\u00c0GINES: 296<br \/>\nIDIOMA: Catal\u00e0<\/p>\n","protected":false},"featured_media":33072,"template":"","meta":[],"product_cat":[427,18,42],"product_tag":[],"_links":{"self":[{"href":"https:\/\/www.vilaweb.cat\/botiga\/wp-json\/wp\/v2\/product\/33071"}],"collection":[{"href":"https:\/\/www.vilaweb.cat\/botiga\/wp-json\/wp\/v2\/product"}],"about":[{"href":"https:\/\/www.vilaweb.cat\/botiga\/wp-json\/wp\/v2\/types\/product"}],"wp:featuredmedia":[{"embeddable":true,"href":"https:\/\/www.vilaweb.cat\/botiga\/wp-json\/wp\/v2\/media\/33072"}],"wp:attachment":[{"href":"https:\/\/www.vilaweb.cat\/botiga\/wp-json\/wp\/v2\/media?parent=33071"}],"wp:term":[{"taxonomy":"product_cat","embeddable":true,"href":"https:\/\/www.vilaweb.cat\/botiga\/wp-json\/wp\/v2\/product_cat?post=33071"},{"taxonomy":"product_tag","embeddable":true,"href":"https:\/\/www.vilaweb.cat\/botiga\/wp-json\/wp\/v2\/product_tag?post=33071"}],"curies":[{"name":"wp","href":"https:\/\/api.w.org\/{rel}","templated":true}]}}