{"id":32845,"date":"2023-11-20T09:09:39","date_gmt":"2023-11-20T08:09:39","guid":{"rendered":"https:\/\/www.vilaweb.cat\/botiga\/?post_type=product&#038;p=32845"},"modified":"2026-01-16T19:16:00","modified_gmt":"2026-01-16T18:16:00","slug":"el-temps-de-la-promesa","status":"publish","type":"product","link":"https:\/\/www.vilaweb.cat\/botiga\/producte\/el-temps-de-la-promesa\/","title":{"rendered":"El temps de la promesa"},"content":{"rendered":"","protected":false},"excerpt":{"rendered":"<p><strong>Marina Garc\u00e9s<\/strong><\/p>\n<p><strong>Un llibre incisiu i esperan\u00e7ador sobre el poder de la paraula per reapropiar-nos del present i del futur.<\/strong><\/p>\n<p>Recordes la darrera promesa que has fet o que t\u2019han fet?<\/p>\n<p>Aix\u00ed s\u2019obre aquest assaig en qu\u00e8 Marina Garc\u00e9s explora el concepte de promesa. Vivim en una societat aterrida pel futur, obsessionada per predir i projectar, controlar i planificar. Per\u00f2, qui gosa, avui, prometre res?<\/p>\n<p>Aquest llibre mostra les claus hist\u00f2riques, filos\u00f2fiques i liter\u00e0ries del poder de la promesa i de la seva fragilitat actual. La promesa, ens diu l\u2019autora, pot ser una forma de rebel\u00b7li\u00f3 que introdueixi la batalla pel valor de la paraula en un present incert i en un futur amena\u00e7at. Un text incisiu i esperan\u00e7ador.<\/p>\n","protected":false},"featured_media":32846,"template":"","meta":[],"product_cat":[427,18,42],"product_tag":[],"_links":{"self":[{"href":"https:\/\/www.vilaweb.cat\/botiga\/wp-json\/wp\/v2\/product\/32845"}],"collection":[{"href":"https:\/\/www.vilaweb.cat\/botiga\/wp-json\/wp\/v2\/product"}],"about":[{"href":"https:\/\/www.vilaweb.cat\/botiga\/wp-json\/wp\/v2\/types\/product"}],"wp:featuredmedia":[{"embeddable":true,"href":"https:\/\/www.vilaweb.cat\/botiga\/wp-json\/wp\/v2\/media\/32846"}],"wp:attachment":[{"href":"https:\/\/www.vilaweb.cat\/botiga\/wp-json\/wp\/v2\/media?parent=32845"}],"wp:term":[{"taxonomy":"product_cat","embeddable":true,"href":"https:\/\/www.vilaweb.cat\/botiga\/wp-json\/wp\/v2\/product_cat?post=32845"},{"taxonomy":"product_tag","embeddable":true,"href":"https:\/\/www.vilaweb.cat\/botiga\/wp-json\/wp\/v2\/product_tag?post=32845"}],"curies":[{"name":"wp","href":"https:\/\/api.w.org\/{rel}","templated":true}]}}