{"id":32727,"date":"2023-11-02T14:45:22","date_gmt":"2023-11-02T13:45:22","guid":{"rendered":"https:\/\/www.vilaweb.cat\/botiga\/?post_type=product&#038;p=32727"},"modified":"2026-01-16T19:16:15","modified_gmt":"2026-01-16T18:16:15","slug":"la-por","status":"publish","type":"product","link":"https:\/\/www.vilaweb.cat\/botiga\/producte\/la-por\/","title":{"rendered":"La por"},"content":{"rendered":"<p><strong>Esperan\u00e7a Camps<\/strong><\/p>\n<p>\u00abEl m\u00f3n girava i un dia el m\u00f3n ja no va girar m\u00e9s. Es va aturar per sempre i em feia mal. Punxes d&#8217;eri\u00e7\u00f3. A vegades el m\u00f3n no \u00e9s aturat per\u00f2 va m\u00e9s a poc a poc. \u00c9s un m\u00f3n amb les piles esgotades. Jo no hi soc dins per\u00f2 encara em fa mal i a la boca hi tenc el gust de la molsa eixuta que \u00e9s plena de terra vermella de cucs. El dia que vaig sortir del m\u00f3n era tot ennuvolat i plovia com ara que fa tota la vida que plou i tot \u00e9s negat.\u00bb La por \u00e9s viure vora el mar i anar a una escola de monges. Tenir un pare que viatja molt i una mare bonica i elegant i una criada que fa tot el que fan les mares quan s\u00f3n mares cada dia i no s\u00f3n com la teua que ho \u00e9s poques vegades. Una criada que substitueix ta mare per\u00f2 no et fa besades perqu\u00e8 no \u00e9s ta mare. La mare no et fa besades. Esperan\u00e7a Camps t&#8217;introdueix en aquest relat angoixant en primera persona, amb un nus a la gola, el cor en un puny i gaudint de la for\u00e7a i la bellesa del llenguatge que empra.<\/p>\n","protected":false},"excerpt":{"rendered":"<p>Esperan\u00e7a Camps \u00abEl m\u00f3n girava i un dia el m\u00f3n ja no va girar m\u00e9s. Es va aturar per sempre i em feia mal. Punxes d&#8217;eri\u00e7\u00f3. A vegades el m\u00f3n no \u00e9s aturat per\u00f2 va m\u00e9s a poc a poc. \u00c9s un m\u00f3n amb les piles esgotades. Jo no hi soc dins per\u00f2 encara em [&hellip;]<\/p>\n","protected":false},"featured_media":32850,"template":"","meta":[],"product_cat":[427,49,18,423],"product_tag":[],"_links":{"self":[{"href":"https:\/\/www.vilaweb.cat\/botiga\/wp-json\/wp\/v2\/product\/32727"}],"collection":[{"href":"https:\/\/www.vilaweb.cat\/botiga\/wp-json\/wp\/v2\/product"}],"about":[{"href":"https:\/\/www.vilaweb.cat\/botiga\/wp-json\/wp\/v2\/types\/product"}],"wp:featuredmedia":[{"embeddable":true,"href":"https:\/\/www.vilaweb.cat\/botiga\/wp-json\/wp\/v2\/media\/32850"}],"wp:attachment":[{"href":"https:\/\/www.vilaweb.cat\/botiga\/wp-json\/wp\/v2\/media?parent=32727"}],"wp:term":[{"taxonomy":"product_cat","embeddable":true,"href":"https:\/\/www.vilaweb.cat\/botiga\/wp-json\/wp\/v2\/product_cat?post=32727"},{"taxonomy":"product_tag","embeddable":true,"href":"https:\/\/www.vilaweb.cat\/botiga\/wp-json\/wp\/v2\/product_tag?post=32727"}],"curies":[{"name":"wp","href":"https:\/\/api.w.org\/{rel}","templated":true}]}}