{"id":32613,"date":"2023-10-24T09:08:44","date_gmt":"2023-10-24T07:08:44","guid":{"rendered":"https:\/\/www.vilaweb.cat\/botiga\/?post_type=product&#038;p=32613"},"modified":"2026-01-16T19:16:31","modified_gmt":"2026-01-16T18:16:31","slug":"no-patiu-per-mi","status":"publish","type":"product","link":"https:\/\/www.vilaweb.cat\/botiga\/producte\/no-patiu-per-mi\/","title":{"rendered":"No patiu per mi"},"content":{"rendered":"<p><strong>Carme Junyent<\/strong> va ser, sobretot, una dona de llengua. Una de les ling\u00fcistes m\u00e9s importants de les \u00faltimes d\u00e8cades a casa nostra, compromesa amb el catal\u00e0 i amb totes les lleng\u00fces amena\u00e7ades. Per\u00f2 l\u2019\u00faltima lli\u00e7\u00f3 de la professora Junyent no va ser de llengua (tot i que tamb\u00e9 va ser de llengua), sin\u00f3 de vida. Davant d\u2019un diagn\u00f2stic m\u00e8dic que li retallava el futur a unes quantes setmanes, l\u2019autora va decidir deixar-nos un comiat gormand. Per combatre la mort, per foragitar la pena, ens va asseure a taula per brindar pels millors \u00e0pats de la seva vida. Llegint-la ens sentim un m\u00e9s de la seva colla de raros, que fa gaireb\u00e9 vint anys es van conjurar per fer una ins\u00f2lita volta gastron\u00f2mica per les cuines del m\u00f3n que tenim a l\u2019abast. Al final del recull de textos que aplega aquest llibre hi trobem una guia de m\u00e9s de 200 restaurants d\u2019una diversitat enlluernadora; pel cam\u00ed hi haurem viscut hist\u00f2ries d\u2019amistat, de lluita, de llibertat, de fam\u00edlia i s\u00ed, \u00e9s clar, de llengua.<\/p>\n","protected":false},"excerpt":{"rendered":"<p><strong>El llibre p\u00f2stum de Carme Junyent: el millor cant a la vida.<\/strong><\/p>\n<p>Any d\u2019edici\u00f3: octubre del 2023<\/p>\n<p>Idioma: catal\u00e0<\/p>\n<p>N\u00fam. de p\u00e0gines: 176<\/p>\n<p>ISBN: 9788419590572<\/p>\n<p>Enquadernaci\u00f3: r\u00fastica<\/p>\n","protected":false},"featured_media":32614,"template":"","meta":[],"product_cat":[427,48,18],"product_tag":[],"_links":{"self":[{"href":"https:\/\/www.vilaweb.cat\/botiga\/wp-json\/wp\/v2\/product\/32613"}],"collection":[{"href":"https:\/\/www.vilaweb.cat\/botiga\/wp-json\/wp\/v2\/product"}],"about":[{"href":"https:\/\/www.vilaweb.cat\/botiga\/wp-json\/wp\/v2\/types\/product"}],"wp:featuredmedia":[{"embeddable":true,"href":"https:\/\/www.vilaweb.cat\/botiga\/wp-json\/wp\/v2\/media\/32614"}],"wp:attachment":[{"href":"https:\/\/www.vilaweb.cat\/botiga\/wp-json\/wp\/v2\/media?parent=32613"}],"wp:term":[{"taxonomy":"product_cat","embeddable":true,"href":"https:\/\/www.vilaweb.cat\/botiga\/wp-json\/wp\/v2\/product_cat?post=32613"},{"taxonomy":"product_tag","embeddable":true,"href":"https:\/\/www.vilaweb.cat\/botiga\/wp-json\/wp\/v2\/product_tag?post=32613"}],"curies":[{"name":"wp","href":"https:\/\/api.w.org\/{rel}","templated":true}]}}