{"id":32446,"date":"2023-10-04T17:05:12","date_gmt":"2023-10-04T15:05:12","guid":{"rendered":"https:\/\/www.vilaweb.cat\/botiga\/?post_type=product&#038;p=32446"},"modified":"2026-01-16T19:16:40","modified_gmt":"2026-01-16T18:16:40","slug":"terres-de-lebre","status":"publish","type":"product","link":"https:\/\/www.vilaweb.cat\/botiga\/producte\/terres-de-lebre\/","title":{"rendered":"Terres de l&#8217;Ebre"},"content":{"rendered":"<p><span style=\"font-weight: 400;\">La publicaci\u00f3 de <\/span><i><span style=\"font-weight: 400;\">Terres de l&#8217;Ebre<\/span><\/i><span style=\"font-weight: 400;\"> el 1932 va produir un fort impacte entre els lectors de l&#8217;\u00e8poca, per la for\u00e7a tr\u00e0gica de la hist\u00f2ria, la pot\u00e8ncia liter\u00e0ria del text i el descobriment de la vida pagesa de la ribera de l&#8217;Ebre. La gran novel\u00b7la d&#8217;Arb\u00f3, la m\u00e9s despullada i emotiva, planteja els grans temes universals \u2014l&#8217;amor, la mort, l&#8217;amistat, les desigualtats socials, la lluita per la subsist\u00e8ncia\u2014 a partir d&#8217;una hist\u00f2ria amb component testimonial que abra\u00e7a tres generacions d&#8217;una fam\u00edlia de camperols del Delta que intenten conquerir una terra inclement.<\/span><\/p>\n<p>&nbsp;<\/p>\n","protected":false},"excerpt":{"rendered":"<p><span style=\"font-weight: 400;\">Sebasti\u00e0 Juan Arb\u00f3<\/span><\/p>\n<p>&nbsp;<\/p>\n<p><b>Una de les grans novel\u00b7les catalanes de la primera meitat del segle xx.<\/b><\/p>\n<p><i><span style=\"font-weight: 400;\">Terres de l&#8217;Ebre<\/span><\/i><span style=\"font-weight: 400;\"> supera el ruralisme del segle XIX i s&#8217;avan\u00e7a a l&#8217;existencialisme d&#8217;Albert Camus. Ha estat tradu\u00efda al castell\u00e0, l&#8217;itali\u00e0, el franc\u00e8s, l&#8217;alemany i el neerland\u00e8s.<\/span><\/p>\n<p><span style=\"font-weight: 400;\">Any d\u2019edici\u00f3: setembre del 2023<\/span><\/p>\n<p><span style=\"font-weight: 400;\">Idioma: catal\u00e0<\/span><\/p>\n<p><span style=\"font-weight: 400;\">N\u00fam. de p\u00e0gines: 464<\/span><\/p>\n<p><span style=\"font-weight: 400;\">ISBN:<\/span> <span style=\"font-weight: 400;\">9788419657237<\/span><\/p>\n<p><span style=\"font-weight: 400;\">Enquadernaci\u00f3: r\u00fastica<\/span><\/p>\n","protected":false},"featured_media":32447,"template":"","meta":[],"product_cat":[427,49,18],"product_tag":[],"_links":{"self":[{"href":"https:\/\/www.vilaweb.cat\/botiga\/wp-json\/wp\/v2\/product\/32446"}],"collection":[{"href":"https:\/\/www.vilaweb.cat\/botiga\/wp-json\/wp\/v2\/product"}],"about":[{"href":"https:\/\/www.vilaweb.cat\/botiga\/wp-json\/wp\/v2\/types\/product"}],"wp:featuredmedia":[{"embeddable":true,"href":"https:\/\/www.vilaweb.cat\/botiga\/wp-json\/wp\/v2\/media\/32447"}],"wp:attachment":[{"href":"https:\/\/www.vilaweb.cat\/botiga\/wp-json\/wp\/v2\/media?parent=32446"}],"wp:term":[{"taxonomy":"product_cat","embeddable":true,"href":"https:\/\/www.vilaweb.cat\/botiga\/wp-json\/wp\/v2\/product_cat?post=32446"},{"taxonomy":"product_tag","embeddable":true,"href":"https:\/\/www.vilaweb.cat\/botiga\/wp-json\/wp\/v2\/product_tag?post=32446"}],"curies":[{"name":"wp","href":"https:\/\/api.w.org\/{rel}","templated":true}]}}