{"id":32436,"date":"2023-10-04T11:16:30","date_gmt":"2023-10-04T09:16:30","guid":{"rendered":"https:\/\/www.vilaweb.cat\/botiga\/?post_type=product&#038;p=32436"},"modified":"2025-06-16T11:54:27","modified_gmt":"2025-06-16T09:54:27","slug":"jardi-de-meravelles","status":"publish","type":"product","link":"https:\/\/www.vilaweb.cat\/botiga\/producte\/jardi-de-meravelles\/","title":{"rendered":"Jard\u00ed de meravelles"},"content":{"rendered":"<p><i><span style=\"font-weight: 400;\">Jard\u00ed de meravelles<\/span><\/i><span style=\"font-weight: 400;\"> \u00e9s un conte musical en forma de disc i de llibre il\u00b7lustrat que atresora una mena d&#8217;Arc\u00e0dia, on un grapat de poetes i de pensadors conviuen i dialoguen amb el lector. Des d&#8217;Homer fins a Joan Salvat-Papasseit, Salvador Espriu o Maria Josep Escriv\u00e0, passant per Plat\u00f3, Ovidi, Ibn Khafaja, Dante Alighieri, Ramon Llull, Ausi\u00e0s March, Joan de la Creu, Bartomeu Rossell\u00f3-P\u00f2rcel, John Lennon o Joan Fuster.<\/span><\/p>\n<p><span style=\"font-weight: 400;\">Amb les il\u00b7lustracions delicades d&#8217;Abel D\u00e1vila Sabina i unes can\u00e7ons \u00abtransparents en la seua netedat\u00bb, com les defineix Josep Piera al text d&#8217;obertura, Elies Monxol\u00ed ens convida a rec\u00f3rrer aquest jard\u00ed \u2014que qui sap si podria ser la mateixa \u00cdtaca cantada a Odissea, el viatge de Ning\u00fa, l&#8217;anterior treball d&#8217;Elies\u2014 per interpretar, des de diferents perspectives, el gran tema de la Humanitat: l&#8217;amor.<\/span><\/p>\n<p>&nbsp;<\/p>\n","protected":false},"excerpt":{"rendered":"<p><span style=\"font-weight: 400;\">Elies Monxol\u00ed<\/span><\/p>\n<p><span style=\"font-weight: 400;\">Il\u00b7lustrador: Abel D\u00e1vila Sabina<\/span><\/p>\n<p><b>Un llibre disc que \u00e9s un gaudi pels sentits!<\/b><\/p>\n<p><span style=\"font-weight: 400;\">Any d\u2019edici\u00f3: setembre del 2023<\/span><\/p>\n<p><span style=\"font-weight: 400;\">Idioma: catal\u00e0<\/span><\/p>\n<p><span style=\"font-weight: 400;\">N\u00fam. de p\u00e0gines: 88<\/span><\/p>\n<p><span style=\"font-weight: 400;\">ISBN:<\/span> <span style=\"font-weight: 400;\">9788419149503<\/span><\/p>\n<p><span style=\"font-weight: 400;\">Enquadernaci\u00f3: r\u00fastica<\/span><\/p>\n","protected":false},"featured_media":32437,"template":"","meta":[],"product_cat":[307,18,308,291,102],"product_tag":[],"_links":{"self":[{"href":"https:\/\/www.vilaweb.cat\/botiga\/wp-json\/wp\/v2\/product\/32436"}],"collection":[{"href":"https:\/\/www.vilaweb.cat\/botiga\/wp-json\/wp\/v2\/product"}],"about":[{"href":"https:\/\/www.vilaweb.cat\/botiga\/wp-json\/wp\/v2\/types\/product"}],"wp:featuredmedia":[{"embeddable":true,"href":"https:\/\/www.vilaweb.cat\/botiga\/wp-json\/wp\/v2\/media\/32437"}],"wp:attachment":[{"href":"https:\/\/www.vilaweb.cat\/botiga\/wp-json\/wp\/v2\/media?parent=32436"}],"wp:term":[{"taxonomy":"product_cat","embeddable":true,"href":"https:\/\/www.vilaweb.cat\/botiga\/wp-json\/wp\/v2\/product_cat?post=32436"},{"taxonomy":"product_tag","embeddable":true,"href":"https:\/\/www.vilaweb.cat\/botiga\/wp-json\/wp\/v2\/product_tag?post=32436"}],"curies":[{"name":"wp","href":"https:\/\/api.w.org\/{rel}","templated":true}]}}