{"id":32323,"date":"2023-09-20T11:02:05","date_gmt":"2023-09-20T09:02:05","guid":{"rendered":"https:\/\/www.vilaweb.cat\/botiga\/?post_type=product&#038;p=32323"},"modified":"2025-12-30T12:27:50","modified_gmt":"2025-12-30T11:27:50","slug":"calidoscopi-banda-de-musics","status":"publish","type":"product","link":"https:\/\/www.vilaweb.cat\/botiga\/producte\/calidoscopi-banda-de-musics\/","title":{"rendered":"Calidoscopi Banda de m\u00fasics"},"content":{"rendered":"<p><span style=\"font-weight: 400;\">Cada model amb una divertida il\u00b7lustraci\u00f3 d&#8217;un m\u00fasic, observa el teu voltant des d&#8217;una altra perspectiva i deixa volar la teva imaginaci\u00f3 per aquesta petita finestra oberta a un m\u00f3n ple de colors i formes diferents.<\/span><\/p>\n<p><span style=\"font-weight: 400;\">A difer\u00e8ncia del calidoscopi cl\u00e0ssic el teleidoscopi descompon les imatges reals de l&#8217;exterior en formes calidosc\u00f2piques.<\/span><\/p>\n<p>&nbsp;<\/p>\n","protected":false},"excerpt":{"rendered":"<p><span style=\"font-weight: 400;\">Una joguina \u00f2ptica de qualitat de la Gran Banda de M\u00fasica. Serveix per experimentar i estimular la curiositat. Ideal per a fer un regal petit i com a entreteniment de viatge.<\/span><\/p>\n<p><b>Materials<\/b><span style=\"font-weight: 400;\">: mirall, cart\u00f3 i lent acr\u00edlica<\/span><\/p>\n<p><b>Mida<\/b><span style=\"font-weight: 400;\">: 3,5&#215;19 cm<\/span><\/p>\n<p><b>Edat recomanada<\/b><span style=\"font-weight: 400;\">: a partir de 5 anys<\/span><\/p>\n<p><b>Fabricat a Barcelona<\/b><\/p>\n","protected":false},"featured_media":32330,"template":"","meta":[],"product_cat":[307,58,102],"product_tag":[],"_links":{"self":[{"href":"https:\/\/www.vilaweb.cat\/botiga\/wp-json\/wp\/v2\/product\/32323"}],"collection":[{"href":"https:\/\/www.vilaweb.cat\/botiga\/wp-json\/wp\/v2\/product"}],"about":[{"href":"https:\/\/www.vilaweb.cat\/botiga\/wp-json\/wp\/v2\/types\/product"}],"wp:featuredmedia":[{"embeddable":true,"href":"https:\/\/www.vilaweb.cat\/botiga\/wp-json\/wp\/v2\/media\/32330"}],"wp:attachment":[{"href":"https:\/\/www.vilaweb.cat\/botiga\/wp-json\/wp\/v2\/media?parent=32323"}],"wp:term":[{"taxonomy":"product_cat","embeddable":true,"href":"https:\/\/www.vilaweb.cat\/botiga\/wp-json\/wp\/v2\/product_cat?post=32323"},{"taxonomy":"product_tag","embeddable":true,"href":"https:\/\/www.vilaweb.cat\/botiga\/wp-json\/wp\/v2\/product_tag?post=32323"}],"curies":[{"name":"wp","href":"https:\/\/api.w.org\/{rel}","templated":true}]}}