{"id":32286,"date":"2023-09-19T13:22:47","date_gmt":"2023-09-19T11:22:47","guid":{"rendered":"https:\/\/www.vilaweb.cat\/botiga\/?post_type=product&#038;p=32286"},"modified":"2026-03-24T11:21:15","modified_gmt":"2026-03-24T10:21:15","slug":"baldufa-la-lluna","status":"publish","type":"product","link":"https:\/\/www.vilaweb.cat\/botiga\/producte\/baldufa-la-lluna\/","title":{"rendered":"Baldufa La Lluna"},"content":{"rendered":"<p><span style=\"font-weight: 400;\">Una baldufa m\u00e0gica molt especial, un cop es fa rodar, a poc a poc es va girant fins a acabar voltant cap per avall sobre el seu eix. \u00c9s un objecte que ha fascinat nens i adults des de fa m\u00e9s de cent anys. La va dissenyar una infermera alemanya, Helene Sperl, cap al 1890.<\/span><\/p>\n<p>&nbsp;<\/p>\n","protected":false},"excerpt":{"rendered":"<p><span style=\"font-weight: 400;\">El nostre sat\u00e8l\u00b7lit particular, la lluna, a una baldufa especial, quan fa una estona que volta acaba girant cap per avall!<\/span><\/p>\n<p><span style=\"font-weight: 400;\">Tant la fusta com tots els materials utilitzats s\u00f3n de Kil\u00f2metre zero. Materials sostenibles, \u00e8tics i respectuosos amb el medi ambient.<\/span><\/p>\n<p><span style=\"font-weight: 400;\">Una baldufa m\u00e0gica de fusta de faig i tints a l&#8217;aigua.<\/span><\/p>\n<h4><b>Dissenyada i fabricada amb molta cura a Barcelona.<\/b><\/h4>\n<p><span style=\"font-weight: 400;\">Edat recomanada: A partir de 5 anys<\/span><\/p>\n<p><span style=\"font-weight: 400;\">Mida aprox: 3,5 x 3,5 cm<\/span><\/p>\n<p><b>Atenci\u00f3! No \u00e9s adequat per a nens menors de tres anys.<\/b><\/p>\n","protected":false},"featured_media":32287,"template":"","meta":[],"product_cat":[58,307,102],"product_tag":[],"_links":{"self":[{"href":"https:\/\/www.vilaweb.cat\/botiga\/wp-json\/wp\/v2\/product\/32286"}],"collection":[{"href":"https:\/\/www.vilaweb.cat\/botiga\/wp-json\/wp\/v2\/product"}],"about":[{"href":"https:\/\/www.vilaweb.cat\/botiga\/wp-json\/wp\/v2\/types\/product"}],"wp:featuredmedia":[{"embeddable":true,"href":"https:\/\/www.vilaweb.cat\/botiga\/wp-json\/wp\/v2\/media\/32287"}],"wp:attachment":[{"href":"https:\/\/www.vilaweb.cat\/botiga\/wp-json\/wp\/v2\/media?parent=32286"}],"wp:term":[{"taxonomy":"product_cat","embeddable":true,"href":"https:\/\/www.vilaweb.cat\/botiga\/wp-json\/wp\/v2\/product_cat?post=32286"},{"taxonomy":"product_tag","embeddable":true,"href":"https:\/\/www.vilaweb.cat\/botiga\/wp-json\/wp\/v2\/product_tag?post=32286"}],"curies":[{"name":"wp","href":"https:\/\/api.w.org\/{rel}","templated":true}]}}