{"id":32281,"date":"2023-09-19T13:16:52","date_gmt":"2023-09-19T11:16:52","guid":{"rendered":"https:\/\/www.vilaweb.cat\/botiga\/?post_type=product&#038;p=32281"},"modified":"2025-12-31T12:59:16","modified_gmt":"2025-12-31T11:59:16","slug":"baldufa-el-sol","status":"publish","type":"product","link":"https:\/\/www.vilaweb.cat\/botiga\/producte\/baldufa-el-sol\/","title":{"rendered":"Baldufa El Sol"},"content":{"rendered":"<p><span style=\"font-weight: 400;\">Una baldufa m\u00e0gica molt especial, un cop es fa rodar, a poc a poc es va girant fins a acabar voltant cap per avall sobre el seu eix. \u00c9s un objecte que ha fascinat nens i adults des de fa m\u00e9s de cent anys. La va dissenyar una infermera alemanya, Helene Sperl, cap al 1890.<\/span><\/p>\n","protected":false},"excerpt":{"rendered":"<p><span style=\"font-weight: 400;\">L&#8217;astre m\u00e9s brillant, el sol, en una baldufa especial, quan fa una estona que volta acaba girant cap per avall!<\/span><\/p>\n<p><span style=\"font-weight: 400;\">Tant la fusta com tots els materials utilitzats s\u00f3n de Kil\u00f2metre zero. Materials sostenibles, \u00e8tics i respectuosos amb el medi ambient.<\/span><\/p>\n<p><span style=\"font-weight: 400;\">Una baldufa m\u00e0gica de fusta de faig i tints a l&#8217;aigua.<\/span><\/p>\n<h3><b>Dissenyada i fabricada amb molta cura a Barcelona.<\/b><\/h3>\n<p>&nbsp;<\/p>\n<p><span style=\"font-weight: 400;\">Edat recomanada: A partir de 5 anys<\/span><\/p>\n<p><span style=\"font-weight: 400;\">Mida aprox: 3,5 x 3,5 cm<\/span><\/p>\n<p><b>Atenci\u00f3! No \u00e9s adequat per a nens menors de tres anys.\u00a0<\/b><\/p>\n","protected":false},"featured_media":32285,"template":"","meta":[],"product_cat":[307,58,102],"product_tag":[],"_links":{"self":[{"href":"https:\/\/www.vilaweb.cat\/botiga\/wp-json\/wp\/v2\/product\/32281"}],"collection":[{"href":"https:\/\/www.vilaweb.cat\/botiga\/wp-json\/wp\/v2\/product"}],"about":[{"href":"https:\/\/www.vilaweb.cat\/botiga\/wp-json\/wp\/v2\/types\/product"}],"wp:featuredmedia":[{"embeddable":true,"href":"https:\/\/www.vilaweb.cat\/botiga\/wp-json\/wp\/v2\/media\/32285"}],"wp:attachment":[{"href":"https:\/\/www.vilaweb.cat\/botiga\/wp-json\/wp\/v2\/media?parent=32281"}],"wp:term":[{"taxonomy":"product_cat","embeddable":true,"href":"https:\/\/www.vilaweb.cat\/botiga\/wp-json\/wp\/v2\/product_cat?post=32281"},{"taxonomy":"product_tag","embeddable":true,"href":"https:\/\/www.vilaweb.cat\/botiga\/wp-json\/wp\/v2\/product_tag?post=32281"}],"curies":[{"name":"wp","href":"https:\/\/api.w.org\/{rel}","templated":true}]}}