{"id":3166,"date":"2019-05-03T18:15:24","date_gmt":"2019-05-03T16:15:24","guid":{"rendered":"https:\/\/www.vilaweb.cat\/botiga\/?post_type=product&#038;p=3166"},"modified":"2025-06-01T16:48:01","modified_gmt":"2025-06-01T14:48:01","slug":"domas-estima-com-vulguis","status":"publish","type":"product","link":"https:\/\/www.vilaweb.cat\/botiga\/producte\/domas-estima-com-vulguis\/","title":{"rendered":"Dom\u00e0s &#8216;Estima com vulguis&#8217;"},"content":{"rendered":"","protected":false},"excerpt":{"rendered":"<p>Bandera-dom\u00e0s amb el lema &#8216;estima com vulguis&#8217; a sobre\u00a0 dels colors de l&#8217;arc de Sant Mart\u00ed.<br \/>\nImpresa nom\u00e9s per una cara (l&#8217;altra cara \u00e9s blanquinosa, per\u00f2 deixa passar la llum) i du 4 betes amb refor\u00e7 per lligar. No t\u00e9 vores.<br \/>\nIdeal per reivindicar l&#8217;orgull gai, l\u00e8sbic, transsexual, bisexual, intersexual.<\/p>\n<p>Mides: 118 x 95 cm<\/p>\n","protected":false},"featured_media":3167,"template":"","meta":[],"product_cat":[292],"product_tag":[],"_links":{"self":[{"href":"https:\/\/www.vilaweb.cat\/botiga\/wp-json\/wp\/v2\/product\/3166"}],"collection":[{"href":"https:\/\/www.vilaweb.cat\/botiga\/wp-json\/wp\/v2\/product"}],"about":[{"href":"https:\/\/www.vilaweb.cat\/botiga\/wp-json\/wp\/v2\/types\/product"}],"wp:featuredmedia":[{"embeddable":true,"href":"https:\/\/www.vilaweb.cat\/botiga\/wp-json\/wp\/v2\/media\/3167"}],"wp:attachment":[{"href":"https:\/\/www.vilaweb.cat\/botiga\/wp-json\/wp\/v2\/media?parent=3166"}],"wp:term":[{"taxonomy":"product_cat","embeddable":true,"href":"https:\/\/www.vilaweb.cat\/botiga\/wp-json\/wp\/v2\/product_cat?post=3166"},{"taxonomy":"product_tag","embeddable":true,"href":"https:\/\/www.vilaweb.cat\/botiga\/wp-json\/wp\/v2\/product_tag?post=3166"}],"curies":[{"name":"wp","href":"https:\/\/api.w.org\/{rel}","templated":true}]}}