{"id":31627,"date":"2023-09-04T09:48:30","date_gmt":"2023-09-04T07:48:30","guid":{"rendered":"https:\/\/www.vilaweb.cat\/botiga\/?post_type=product&#038;p=31627"},"modified":"2026-03-29T19:34:53","modified_gmt":"2026-03-29T17:34:53","slug":"el-futur-del-catala-depen-de-tu-2","status":"publish","type":"product","link":"https:\/\/www.vilaweb.cat\/botiga\/producte\/el-futur-del-catala-depen-de-tu-2\/","title":{"rendered":"El futur del catal\u00e0 dep\u00e8n de tu"},"content":{"rendered":"<p><span style=\"font-weight: 400;\">El seg\u00fcent di\u00e0leg segurament us \u00e9s familiar:<\/span><\/p>\n<p><span style=\"font-weight: 400;\">-Qu\u00e8 et costa parlar en castell\u00e0?<\/span><\/p>\n<p><span style=\"font-weight: 400;\">-Ben mirat, no em costa gens. Tinc la sort de saber-ne; per tant, no compliquem les coses.<\/span><\/p>\n<p><span style=\"font-weight: 400;\">Carme Junyent \u00e9s especialista en l&#8217;estudi de lleng\u00fces amena\u00e7ades arreu del m\u00f3n. Coneix profundament els tics, les autotrampes i, en definitiva, els s\u00edmptomes d&#8217;un cam\u00ed sense retorn. Per aix\u00f2 ens alerta i ens explica de manera clara i di\u00e0fana el com i el per qu\u00e8 el catal\u00e0 est\u00e0 malalt. S\u00ed, el catal\u00e0 corre perill. Per\u00f2 encara no \u00e9s massa tard! Per salvar la llengua TOTS hem de canviar urgentment el nostre comportament ling\u00fc\u00edstic. Els que la tenim com a primera llengua. I els que no, per\u00f2 que la volem continuar sentint, o tamb\u00e9 parlant.<\/span><\/p>\n<p><span style=\"font-weight: 400;\">-Qu\u00e8 em costa parlar en castell\u00e0?<\/span><\/p>\n<p><span style=\"font-weight: 400;\">-Em costa que cada vegada que NO parlo en catal\u00e0, porto la llengua cap a un cam\u00ed de no-retorn. I per aix\u00f2 necessito aprendre a no cedir sempre. I tamb\u00e9 per aix\u00f2 cal que tu et posis en el meu lloc, perqu\u00e8 tots plegats entenguem qu\u00e8 hi ha en joc. Sense tu i sense mi no ens en sortirem pas.<\/span><\/p>\n<p><span style=\"font-weight: 400;\">Perqu\u00e8 el catal\u00e0 t\u00e9 un avantatge \u00fanic: hi ha molt\u00edssima gent que no el parla per\u00f2 l&#8217;ent\u00e9n. I fins i tot molts l&#8217;estimen. Aprofitem-ho!<\/span><\/p>\n","protected":false},"excerpt":{"rendered":"<p><b>Una proposta per evitar que la llengua catalana desaparegui.<\/b><\/p>\n<p><span style=\"font-weight: 400;\">Carme Junyent i Figueras<\/span><\/p>\n<p><span style=\"font-weight: 400;\">Bel Zaballa<\/span><\/p>\n<p><span style=\"font-weight: 400;\">Any d\u2019edici\u00f3: 2020<\/span><\/p>\n<p><span style=\"font-weight: 400;\">Idioma: catal\u00e0<\/span><\/p>\n<p><span style=\"font-weight: 400;\">N\u00fam. de p\u00e0gines: 144<\/span><\/p>\n<p><span style=\"font-weight: 400;\">ISBN:<\/span> <span style=\"font-weight: 400;\">9788416863754<\/span><\/p>\n<p><span style=\"font-weight: 400;\">Enquadernaci\u00f3: r\u00fastica<\/span><\/p>\n","protected":false},"featured_media":31629,"template":"","meta":[],"product_cat":[48,18],"product_tag":[],"_links":{"self":[{"href":"https:\/\/www.vilaweb.cat\/botiga\/wp-json\/wp\/v2\/product\/31627"}],"collection":[{"href":"https:\/\/www.vilaweb.cat\/botiga\/wp-json\/wp\/v2\/product"}],"about":[{"href":"https:\/\/www.vilaweb.cat\/botiga\/wp-json\/wp\/v2\/types\/product"}],"wp:featuredmedia":[{"embeddable":true,"href":"https:\/\/www.vilaweb.cat\/botiga\/wp-json\/wp\/v2\/media\/31629"}],"wp:attachment":[{"href":"https:\/\/www.vilaweb.cat\/botiga\/wp-json\/wp\/v2\/media?parent=31627"}],"wp:term":[{"taxonomy":"product_cat","embeddable":true,"href":"https:\/\/www.vilaweb.cat\/botiga\/wp-json\/wp\/v2\/product_cat?post=31627"},{"taxonomy":"product_tag","embeddable":true,"href":"https:\/\/www.vilaweb.cat\/botiga\/wp-json\/wp\/v2\/product_tag?post=31627"}],"curies":[{"name":"wp","href":"https:\/\/api.w.org\/{rel}","templated":true}]}}