{"id":31032,"date":"2023-07-21T16:33:01","date_gmt":"2023-07-21T14:33:01","guid":{"rendered":"https:\/\/www.vilaweb.cat\/botiga\/?post_type=product&#038;p=31032"},"modified":"2025-10-15T14:07:18","modified_gmt":"2025-10-15T12:07:18","slug":"domas-antifeixista","status":"publish","type":"product","link":"https:\/\/www.vilaweb.cat\/botiga\/producte\/domas-antifeixista\/","title":{"rendered":"Dom\u00e0s Antifeixista"},"content":{"rendered":"","protected":false},"excerpt":{"rendered":"<p><span style=\"font-weight: 400;\">Amb aquest dom\u00e0s fas palesa la teva oposici\u00f3 de qualsevol discriminaci\u00f3 com l&#8217;homof\u00f2bia, el racisme, el sexisme o la restricci\u00f3 de les llibertats civils.<\/span><\/p>\n<p><span style=\"font-weight: 400;\">Mida: 100 x 70 cm<\/span><\/p>\n<p><span style=\"font-weight: 400;\">Composici\u00f3: poli\u00e8ster de 115 g<\/span><\/p>\n","protected":false},"featured_media":31033,"template":"","meta":[],"product_cat":[292],"product_tag":[],"_links":{"self":[{"href":"https:\/\/www.vilaweb.cat\/botiga\/wp-json\/wp\/v2\/product\/31032"}],"collection":[{"href":"https:\/\/www.vilaweb.cat\/botiga\/wp-json\/wp\/v2\/product"}],"about":[{"href":"https:\/\/www.vilaweb.cat\/botiga\/wp-json\/wp\/v2\/types\/product"}],"wp:featuredmedia":[{"embeddable":true,"href":"https:\/\/www.vilaweb.cat\/botiga\/wp-json\/wp\/v2\/media\/31033"}],"wp:attachment":[{"href":"https:\/\/www.vilaweb.cat\/botiga\/wp-json\/wp\/v2\/media?parent=31032"}],"wp:term":[{"taxonomy":"product_cat","embeddable":true,"href":"https:\/\/www.vilaweb.cat\/botiga\/wp-json\/wp\/v2\/product_cat?post=31032"},{"taxonomy":"product_tag","embeddable":true,"href":"https:\/\/www.vilaweb.cat\/botiga\/wp-json\/wp\/v2\/product_tag?post=31032"}],"curies":[{"name":"wp","href":"https:\/\/api.w.org\/{rel}","templated":true}]}}