{"id":30767,"date":"2023-06-29T17:16:34","date_gmt":"2023-06-29T15:16:34","guid":{"rendered":"https:\/\/www.vilaweb.cat\/botiga\/?post_type=product&#038;p=30767"},"modified":"2026-01-07T19:17:11","modified_gmt":"2026-01-07T18:17:11","slug":"samarreta-soc-diacritica","status":"publish","type":"product","link":"https:\/\/www.vilaweb.cat\/botiga\/producte\/samarreta-soc-diacritica\/","title":{"rendered":"Samarreta S\u00f3c diacr\u00edtica"},"content":{"rendered":"","protected":false},"excerpt":{"rendered":"<p><span style=\"font-weight: 400;\">Si ets una persona af\u00ed a la difer\u00e8ncia i a la diversitat, aquesta \u00e9s la teva samarreta!<\/span><\/p>\n<p><span style=\"font-weight: 400;\">\u00c9s de cot\u00f3 100%<\/span><span style=\"font-weight: 400;\">, <\/span><span style=\"font-weight: 400;\">de punt llis, 165 g\/m\u00b2.<\/span><\/p>\n<p><span style=\"font-weight: 400;\">La trobeu disponible en dos colors; en blanc, i en negre.<\/span><\/p>\n<p>&nbsp;<\/p>\n","protected":false},"featured_media":30769,"template":"","meta":[],"product_cat":[284,286],"product_tag":[],"_links":{"self":[{"href":"https:\/\/www.vilaweb.cat\/botiga\/wp-json\/wp\/v2\/product\/30767"}],"collection":[{"href":"https:\/\/www.vilaweb.cat\/botiga\/wp-json\/wp\/v2\/product"}],"about":[{"href":"https:\/\/www.vilaweb.cat\/botiga\/wp-json\/wp\/v2\/types\/product"}],"wp:featuredmedia":[{"embeddable":true,"href":"https:\/\/www.vilaweb.cat\/botiga\/wp-json\/wp\/v2\/media\/30769"}],"wp:attachment":[{"href":"https:\/\/www.vilaweb.cat\/botiga\/wp-json\/wp\/v2\/media?parent=30767"}],"wp:term":[{"taxonomy":"product_cat","embeddable":true,"href":"https:\/\/www.vilaweb.cat\/botiga\/wp-json\/wp\/v2\/product_cat?post=30767"},{"taxonomy":"product_tag","embeddable":true,"href":"https:\/\/www.vilaweb.cat\/botiga\/wp-json\/wp\/v2\/product_tag?post=30767"}],"curies":[{"name":"wp","href":"https:\/\/api.w.org\/{rel}","templated":true}]}}