{"id":30459,"date":"2023-06-09T17:02:10","date_gmt":"2023-06-09T15:02:10","guid":{"rendered":"https:\/\/www.vilaweb.cat\/botiga\/?post_type=product&#038;p=30459"},"modified":"2026-02-22T10:12:12","modified_gmt":"2026-02-22T09:12:12","slug":"gorra-paisos-catalans","status":"publish","type":"product","link":"https:\/\/www.vilaweb.cat\/botiga\/producte\/gorra-paisos-catalans\/","title":{"rendered":"Gorra Pa\u00efsos Catalans"},"content":{"rendered":"","protected":false},"excerpt":{"rendered":"<p><span style=\"font-weight: 400;\">Amb aquesta gorra et protegir\u00e0s de la calor i podr\u00e0s continuar fent cam\u00ed.<\/span><\/p>\n<p><span style=\"font-weight: 400;\">Confortable gorra de sis panells de cot\u00f3 100% pentinat. Amb orificis de ventilaci\u00f3 brodats i tancament ajustable amb velcro. Porta incorporat acotxament a la visera.<\/span><\/p>\n","protected":false},"featured_media":30890,"template":"","meta":[],"product_cat":[37,62,320,212],"product_tag":[],"_links":{"self":[{"href":"https:\/\/www.vilaweb.cat\/botiga\/wp-json\/wp\/v2\/product\/30459"}],"collection":[{"href":"https:\/\/www.vilaweb.cat\/botiga\/wp-json\/wp\/v2\/product"}],"about":[{"href":"https:\/\/www.vilaweb.cat\/botiga\/wp-json\/wp\/v2\/types\/product"}],"wp:featuredmedia":[{"embeddable":true,"href":"https:\/\/www.vilaweb.cat\/botiga\/wp-json\/wp\/v2\/media\/30890"}],"wp:attachment":[{"href":"https:\/\/www.vilaweb.cat\/botiga\/wp-json\/wp\/v2\/media?parent=30459"}],"wp:term":[{"taxonomy":"product_cat","embeddable":true,"href":"https:\/\/www.vilaweb.cat\/botiga\/wp-json\/wp\/v2\/product_cat?post=30459"},{"taxonomy":"product_tag","embeddable":true,"href":"https:\/\/www.vilaweb.cat\/botiga\/wp-json\/wp\/v2\/product_tag?post=30459"}],"curies":[{"name":"wp","href":"https:\/\/api.w.org\/{rel}","templated":true}]}}