{"id":30427,"date":"2023-06-08T11:03:49","date_gmt":"2023-06-08T09:03:49","guid":{"rendered":"https:\/\/www.vilaweb.cat\/botiga\/?post_type=product&#038;p=30427"},"modified":"2025-11-10T19:51:22","modified_gmt":"2025-11-10T18:51:22","slug":"barret-paisos-catalans","status":"publish","type":"product","link":"https:\/\/www.vilaweb.cat\/botiga\/producte\/barret-paisos-catalans\/","title":{"rendered":"Barret de palla Pa\u00efsos Catalans"},"content":{"rendered":"<p><span style=\"font-weight: 400;\">Barret de palla amb una confortable cinta interior.<\/span><\/p>\n<p><span style=\"font-weight: 400;\">Molt lleuger, 45 g<\/span><\/p>\n<p><span style=\"font-weight: 400;\">Mida: 11 cm d&#8217;altura x 35-33 cm de base<\/span><\/p>\n<p><span style=\"font-weight: 400;\">La mida del forat del cap \u00e9s de 20 x 18-16 cm.<\/span><\/p>\n","protected":false},"excerpt":{"rendered":"<p><span style=\"font-weight: 400;\">Barret per a protegir-te del sol, per a celebrar les revetlles, per a gaudir de la festa major i per a commemorar una de les can\u00e7ons icones de les \u00faltimes d\u00e8cades amb la seva tornada a la cinta:<\/span><\/p>\n<p>&nbsp;<\/p>\n<p style=\"text-align: center;\"><span style=\"font-weight: 400;\">No volem ser una naci\u00f3 d&#8217;Espanya,<\/span><\/p>\n<p style=\"text-align: center;\"><span style=\"font-weight: 400;\">no volem ser un pa\u00eds ocupat.<\/span><\/p>\n<p style=\"text-align: center;\"><b>Volem, volem, volem,<\/b><\/p>\n<p style=\"text-align: center;\"><b>volem la independ\u00e8ncia,<\/b><\/p>\n<p style=\"text-align: center;\"><b>volem, volem, volem Pa\u00efsos Catalans.<\/b><\/p>\n","protected":false},"featured_media":36050,"template":"","meta":[],"product_cat":[37,62,320,212],"product_tag":[],"_links":{"self":[{"href":"https:\/\/www.vilaweb.cat\/botiga\/wp-json\/wp\/v2\/product\/30427"}],"collection":[{"href":"https:\/\/www.vilaweb.cat\/botiga\/wp-json\/wp\/v2\/product"}],"about":[{"href":"https:\/\/www.vilaweb.cat\/botiga\/wp-json\/wp\/v2\/types\/product"}],"wp:featuredmedia":[{"embeddable":true,"href":"https:\/\/www.vilaweb.cat\/botiga\/wp-json\/wp\/v2\/media\/36050"}],"wp:attachment":[{"href":"https:\/\/www.vilaweb.cat\/botiga\/wp-json\/wp\/v2\/media?parent=30427"}],"wp:term":[{"taxonomy":"product_cat","embeddable":true,"href":"https:\/\/www.vilaweb.cat\/botiga\/wp-json\/wp\/v2\/product_cat?post=30427"},{"taxonomy":"product_tag","embeddable":true,"href":"https:\/\/www.vilaweb.cat\/botiga\/wp-json\/wp\/v2\/product_tag?post=30427"}],"curies":[{"name":"wp","href":"https:\/\/api.w.org\/{rel}","templated":true}]}}