{"id":30418,"date":"2023-06-07T12:01:10","date_gmt":"2023-06-07T10:01:10","guid":{"rendered":"https:\/\/www.vilaweb.cat\/botiga\/?post_type=product&#038;p=30418"},"modified":"2026-04-22T17:28:14","modified_gmt":"2026-04-22T15:28:14","slug":"el-quadern-del-paraulogic-2","status":"publish","type":"product","link":"https:\/\/www.vilaweb.cat\/botiga\/producte\/el-quadern-del-paraulogic-2\/","title":{"rendered":"El quadern del Paraul\u00f2gic &#8211; 2"},"content":{"rendered":"<p><span style=\"font-weight: 400;\">Reptes nous i engrescadors per continuar jugant al Paraul\u00f2gic com sempre, per\u00f2 tamb\u00e9 amb molt\u00edssims passatemps: laberints, sudokus, jocs de l\u00f2gica&#8230;<\/span><\/p>\n<p><span style=\"font-weight: 400;\">Apr\u00e8n paraules noves, trucs per parlar b\u00e9 la llengua i idees per mantenir-la en qualsevol moment i context. Fem cr\u00e9ixer el catal\u00e0!<\/span><\/p>\n","protected":false},"excerpt":{"rendered":"<p><b>Torna el fenomen del Paraul\u00f2gic amb un nou quadern per a totes les edats. M\u00e9s hores de diversi\u00f3 per aprendre jugant!<\/b><\/p>\n<p>&nbsp;<\/p>\n<p><span style=\"font-weight: 400;\">\u00a0Any d\u2019edici\u00f3:\u00a0 juny del 2023<\/span><\/p>\n<p><span style=\"font-weight: 400;\">Idioma: catal\u00e0<\/span><\/p>\n<p><span style=\"font-weight: 400;\">N\u00fam. de p\u00e0gines: 80<\/span><\/p>\n<p><span style=\"font-weight: 400;\">Edat recomanada: a partir de 8 anys<\/span><\/p>\n<p><span style=\"font-weight: 400;\">ISBN:<\/span> <span style=\"font-weight: 400;\">9788411730150<\/span><\/p>\n<p><span style=\"font-weight: 400;\">Enquadernaci\u00f3: r\u00fastica<\/span><\/p>\n","protected":false},"featured_media":30419,"template":"","meta":[],"product_cat":[47,48,18,321,319,212],"product_tag":[],"_links":{"self":[{"href":"https:\/\/www.vilaweb.cat\/botiga\/wp-json\/wp\/v2\/product\/30418"}],"collection":[{"href":"https:\/\/www.vilaweb.cat\/botiga\/wp-json\/wp\/v2\/product"}],"about":[{"href":"https:\/\/www.vilaweb.cat\/botiga\/wp-json\/wp\/v2\/types\/product"}],"wp:featuredmedia":[{"embeddable":true,"href":"https:\/\/www.vilaweb.cat\/botiga\/wp-json\/wp\/v2\/media\/30419"}],"wp:attachment":[{"href":"https:\/\/www.vilaweb.cat\/botiga\/wp-json\/wp\/v2\/media?parent=30418"}],"wp:term":[{"taxonomy":"product_cat","embeddable":true,"href":"https:\/\/www.vilaweb.cat\/botiga\/wp-json\/wp\/v2\/product_cat?post=30418"},{"taxonomy":"product_tag","embeddable":true,"href":"https:\/\/www.vilaweb.cat\/botiga\/wp-json\/wp\/v2\/product_tag?post=30418"}],"curies":[{"name":"wp","href":"https:\/\/api.w.org\/{rel}","templated":true}]}}