{"id":30181,"date":"2023-05-23T11:59:23","date_gmt":"2023-05-23T09:59:23","guid":{"rendered":"https:\/\/www.vilaweb.cat\/botiga\/?post_type=product&#038;p=30181"},"modified":"2026-01-02T12:32:55","modified_gmt":"2026-01-02T11:32:55","slug":"samarreta-cigalo","status":"publish","type":"product","link":"https:\/\/www.vilaweb.cat\/botiga\/producte\/samarreta-cigalo\/","title":{"rendered":"Samarreta Cigal\u00f3"},"content":{"rendered":"","protected":false},"excerpt":{"rendered":"<p>Conyac? An\u00eds? Whisky? Orujo? El teu caf\u00e8 agraeix la bona companyia.<br \/>\nSamarreta d&#8217;alta qualitat.<\/p>\n","protected":false},"featured_media":30186,"template":"","meta":[],"product_cat":[421,284,286],"product_tag":[],"_links":{"self":[{"href":"https:\/\/www.vilaweb.cat\/botiga\/wp-json\/wp\/v2\/product\/30181"}],"collection":[{"href":"https:\/\/www.vilaweb.cat\/botiga\/wp-json\/wp\/v2\/product"}],"about":[{"href":"https:\/\/www.vilaweb.cat\/botiga\/wp-json\/wp\/v2\/types\/product"}],"wp:featuredmedia":[{"embeddable":true,"href":"https:\/\/www.vilaweb.cat\/botiga\/wp-json\/wp\/v2\/media\/30186"}],"wp:attachment":[{"href":"https:\/\/www.vilaweb.cat\/botiga\/wp-json\/wp\/v2\/media?parent=30181"}],"wp:term":[{"taxonomy":"product_cat","embeddable":true,"href":"https:\/\/www.vilaweb.cat\/botiga\/wp-json\/wp\/v2\/product_cat?post=30181"},{"taxonomy":"product_tag","embeddable":true,"href":"https:\/\/www.vilaweb.cat\/botiga\/wp-json\/wp\/v2\/product_tag?post=30181"}],"curies":[{"name":"wp","href":"https:\/\/api.w.org\/{rel}","templated":true}]}}