{"id":29578,"date":"2023-04-13T17:37:21","date_gmt":"2023-04-13T15:37:21","guid":{"rendered":"https:\/\/www.vilaweb.cat\/botiga\/?post_type=product&#038;p=29578"},"modified":"2026-01-16T19:21:38","modified_gmt":"2026-01-16T18:21:38","slug":"rodoreda-paisatges","status":"publish","type":"product","link":"https:\/\/www.vilaweb.cat\/botiga\/producte\/rodoreda-paisatges\/","title":{"rendered":"Rodoreda paisatges"},"content":{"rendered":"<p><span style=\"font-weight: 400;\">Un viatge pels llocs i paisatges vitals de Merc\u00e8 Rodoreda, alguns in\u00e8dits en imatges fins ara. Una mirada en paral\u00b7lel als paisatges interiors i literaris que la vida material dels llocs invoca. L&#8217;aventura d&#8217;indagar, explorar, llegir i rellegir, viatjar, fotografiar i escriure Rodoreda des de la pres\u00e8ncia dels seus llocs, els visibles i els altres que fotos i paraules conjuren en aquest llibre.<\/span><\/p>\n","protected":false},"excerpt":{"rendered":"<p><i><span style=\"font-weight: 400;\">Rodoreda Paisatges<\/span><\/i><span style=\"font-weight: 400;\"> \u00e9s el resultat d&#8217;un llarg treball que va comen\u00e7ar el 2006 quan la fot\u00f2grafa Carme Esteve, inspirada per la lectura d&#8217;un retrat literari de Merc\u00e8 Ibarz, va comen\u00e7ar una ruta per Fran\u00e7a per explorar els llocs per on la Rodoreda havia transitat en el seu primer exili.<\/span><\/p>\n<p>&nbsp;<\/p>\n<p><span style=\"font-weight: 400;\">Any d\u2019edici\u00f3: febrer del 2021<\/span><\/p>\n<p><span style=\"font-weight: 400;\">Idioma: catal\u00e0<\/span><\/p>\n<p><span style=\"font-weight: 400;\">N\u00fam. de p\u00e0gines: 263<\/span><\/p>\n<p><span style=\"font-weight: 400;\">ISBN:<\/span> <span style=\"font-weight: 400;\">9788412113433<\/span><\/p>\n<p><span style=\"font-weight: 400;\">Enquadernaci\u00f3: carton\u00e9<\/span><\/p>\n","protected":false},"featured_media":29579,"template":"","meta":[],"product_cat":[427,45,18],"product_tag":[],"_links":{"self":[{"href":"https:\/\/www.vilaweb.cat\/botiga\/wp-json\/wp\/v2\/product\/29578"}],"collection":[{"href":"https:\/\/www.vilaweb.cat\/botiga\/wp-json\/wp\/v2\/product"}],"about":[{"href":"https:\/\/www.vilaweb.cat\/botiga\/wp-json\/wp\/v2\/types\/product"}],"wp:featuredmedia":[{"embeddable":true,"href":"https:\/\/www.vilaweb.cat\/botiga\/wp-json\/wp\/v2\/media\/29579"}],"wp:attachment":[{"href":"https:\/\/www.vilaweb.cat\/botiga\/wp-json\/wp\/v2\/media?parent=29578"}],"wp:term":[{"taxonomy":"product_cat","embeddable":true,"href":"https:\/\/www.vilaweb.cat\/botiga\/wp-json\/wp\/v2\/product_cat?post=29578"},{"taxonomy":"product_tag","embeddable":true,"href":"https:\/\/www.vilaweb.cat\/botiga\/wp-json\/wp\/v2\/product_tag?post=29578"}],"curies":[{"name":"wp","href":"https:\/\/api.w.org\/{rel}","templated":true}]}}