{"id":29377,"date":"2023-04-06T09:48:10","date_gmt":"2023-04-06T07:48:10","guid":{"rendered":"https:\/\/www.vilaweb.cat\/botiga\/?post_type=product&#038;p=29377"},"modified":"2026-01-16T19:21:44","modified_gmt":"2026-01-16T18:21:44","slug":"quan-deixi-de-ser-jo","status":"publish","type":"product","link":"https:\/\/www.vilaweb.cat\/botiga\/producte\/quan-deixi-de-ser-jo\/","title":{"rendered":"Quan deixi de ser jo"},"content":{"rendered":"<p><span style=\"font-weight: 400;\">\u00abEscriure un llibre de mem\u00f2ries mentre la meva s&#8217;esvaeix \u00e9s arriscat. Malgrat aix\u00f2, sento la temptaci\u00f3 de fer-ho. Estimo la paraula escrita. Sempre m&#8217;ha agradat i l&#8217;he assaborit com a int\u00e8rpret. Soc actriu de professi\u00f3 i, encara m\u00e9s important, de vocaci\u00f3. I, no obstant aix\u00f2, tot el que explico aqu\u00ed \u00e9s veritat. S\u00f3n regals de la meva fugissera mem\u00f2ria i dels diaris que he escrit al llarg de molts anys. Tot aix\u00f2 que narro com un conte, \u00e9s a dir, amb una certa lleugeresa, ho faig per no ofegar-me en les meves ll\u00e0grimes, perqu\u00e8 sempre volen ser elles les protagonistes. <\/span><i><span style=\"font-weight: 400;\">S\u00ed. Tinc Alzheimer. Per\u00f2 encara soc plenament conscient del que faig i de com ho faig<\/span><\/i><span style=\"font-weight: 400;\">. I comen\u00e7o a agafar-li el gust a tot plegat.<\/span><\/p>\n<p><span style=\"font-weight: 400;\">Demano disculpes si em repeteixo, encara que espero que alg\u00fa ho corregeixi\u00bb.<\/span><\/p>\n<p><span style=\"font-weight: 400;\">Carme Elias<\/span><\/p>\n<p><strong>Un testimoni vitalista sobre l&#8217;Alzheimer narrat en primera persona per una de les actrius m\u00e9s reconegudes del nostre pa\u00eds. Un relat que barreja la duresa de la malaltia amb el sentit de l&#8217;humor i l&#8217;emoci\u00f3.<\/strong><\/p>\n<p>&nbsp;<\/p>\n","protected":false},"excerpt":{"rendered":"<p><b>Aquest \u00e9s un testimoni l\u00facid i vital sobre l&#8217;Alzheimer viscut per una de les grans actrius del nostre pa\u00eds.<\/b><\/p>\n<p><b>Una mirada emotiva i descarnada sobre la traject\u00f2ria i la vida d&#8217;una actriu brillant, la mem\u00f2ria de la qual, tan entrenada com ha estat al llarg de la seva traject\u00f2ria, camina inevitablement cap a l&#8217;oblit.<\/b><\/p>\n<p><span style=\"font-weight: 400;\">Any d\u2019edici\u00f3: abril del 2023<\/span><\/p>\n<p><span style=\"font-weight: 400;\">Idioma: catal\u00e0<\/span><\/p>\n<p><span style=\"font-weight: 400;\">N\u00fam. de p\u00e0gines: 208<\/span><\/p>\n<p><span style=\"font-weight: 400;\">ISBN:<\/span> <span style=\"font-weight: 400;\">9788466430296<\/span><\/p>\n<p><span style=\"font-weight: 400;\">Enquadernaci\u00f3: carton\u00e9<\/span><\/p>\n","protected":false},"featured_media":29378,"template":"","meta":[],"product_cat":[42,427,18],"product_tag":[],"_links":{"self":[{"href":"https:\/\/www.vilaweb.cat\/botiga\/wp-json\/wp\/v2\/product\/29377"}],"collection":[{"href":"https:\/\/www.vilaweb.cat\/botiga\/wp-json\/wp\/v2\/product"}],"about":[{"href":"https:\/\/www.vilaweb.cat\/botiga\/wp-json\/wp\/v2\/types\/product"}],"wp:featuredmedia":[{"embeddable":true,"href":"https:\/\/www.vilaweb.cat\/botiga\/wp-json\/wp\/v2\/media\/29378"}],"wp:attachment":[{"href":"https:\/\/www.vilaweb.cat\/botiga\/wp-json\/wp\/v2\/media?parent=29377"}],"wp:term":[{"taxonomy":"product_cat","embeddable":true,"href":"https:\/\/www.vilaweb.cat\/botiga\/wp-json\/wp\/v2\/product_cat?post=29377"},{"taxonomy":"product_tag","embeddable":true,"href":"https:\/\/www.vilaweb.cat\/botiga\/wp-json\/wp\/v2\/product_tag?post=29377"}],"curies":[{"name":"wp","href":"https:\/\/api.w.org\/{rel}","templated":true}]}}