{"id":29225,"date":"2023-03-29T12:39:39","date_gmt":"2023-03-29T10:39:39","guid":{"rendered":"https:\/\/www.vilaweb.cat\/botiga\/?post_type=product&#038;p=29225"},"modified":"2026-01-19T18:20:46","modified_gmt":"2026-01-19T17:20:46","slug":"tutis-per-a-tothom","status":"publish","type":"product","link":"https:\/\/www.vilaweb.cat\/botiga\/producte\/tutis-per-a-tothom\/","title":{"rendered":"Tutis per a tothom!"},"content":{"rendered":"<p><span style=\"font-weight: 400;\">Un nou llibre del Paraul\u00f2gic ple de curiositats ling\u00fc\u00edstiques, frases fetes, paraules noves i molts m\u00e9s reptes sobre llengua.<\/span><\/p>\n<p><span style=\"font-weight: 400;\">Hores de diversi\u00f3 per jugar en solitari o en companyia!<\/span><\/p>\n<p><span style=\"font-weight: 400;\">Nous desafiaments a l&#8217;abast de: Joves i grans, anal\u00f2gics i digitals, de ci\u00e8ncies i de lletres, competitius i solidaris.<\/span><\/p>\n<p><b>TOTHOM trobar\u00e0 motius per jugar-hi!<\/b><\/p>\n<p><span style=\"font-weight: 400;\"><strong>Jordi Palou<\/strong> \u00e9s el creador de la web rodamots.cat i el butllet\u00ed associat &#8216;Cada dia un mot&#8217;, que arriba a m\u00e9s de 25.000 subscriptors di\u00e0riament. \u00c9s autor de <\/span><i><span style=\"font-weight: 400;\">RodaMots. Deu anys fent &#8216;Cada dia un mot&#8217;<\/span><\/i><span style=\"font-weight: 400;\">, <\/span><i><span style=\"font-weight: 400;\">Els 100 refranys m\u00e9s populars<\/span><\/i><span style=\"font-weight: 400;\"> (amb V\u00edctor P\u00e0mies) i <\/span><i><span style=\"font-weight: 400;\">Els mots (t)robats.<\/span><\/i><\/p>\n<p><span style=\"font-weight: 400;\"><strong>Agn\u00e8s Rotger Duny\u00f3<\/strong> (Badalona 1973) \u00e9s periodista i escriptora. Al m\u00f3n editorial ha treballat a Ara Llibres, P\u00f2rtic i l&#8217;ef\u00edmera Mina, i com a escriptora \u00e9s autora de diversos llibres entre els quals destaquen <\/span><i><span style=\"font-weight: 400;\">La ca\u00e7adora de dinosaures<\/span><\/i><span style=\"font-weight: 400;\"> i <\/span><i><span style=\"font-weight: 400;\">El secret del meu turbant<\/span><\/i><span style=\"font-weight: 400;\">, novel\u00b7la basada en la vida de l&#8217;afganesa Nadia Ghulam que va guanyar el premi Prudenci Bertrana i que s&#8217;ha editat en onze lleng\u00fces. \u00c9s col\u00b7laboradora habitual de la revista S\u00e0piens.<\/span><\/p>\n","protected":false},"excerpt":{"rendered":"<p>&nbsp;<\/p>\n<p><b>Arriba el nou llibre del Paraul\u00f2gic, un fenomen que no s&#8217;atura i que ja ha atrapat m\u00e9s de 200.000 persones.<\/b><\/p>\n<p><strong>\u00a0<\/strong><\/p>\n<p><span style=\"font-weight: 400;\">Any d\u2019edici\u00f3: abril del 2023<\/span><\/p>\n<p><span style=\"font-weight: 400;\">Idioma: catal\u00e0<\/span><\/p>\n<p><span style=\"font-weight: 400;\">N\u00fam. de p\u00e0gines: 208<\/span><\/p>\n<p><span style=\"font-weight: 400;\">ISBN: <\/span><span style=\"font-weight: 400;\">978-84-18928-90-1<\/span><\/p>\n<p><span style=\"font-weight: 400;\">Enquadernaci\u00f3: r\u00fastica<\/span><\/p>\n<p>&nbsp;<\/p>\n","protected":false},"featured_media":29255,"template":"","meta":[],"product_cat":[48,18,321,319,212],"product_tag":[],"_links":{"self":[{"href":"https:\/\/www.vilaweb.cat\/botiga\/wp-json\/wp\/v2\/product\/29225"}],"collection":[{"href":"https:\/\/www.vilaweb.cat\/botiga\/wp-json\/wp\/v2\/product"}],"about":[{"href":"https:\/\/www.vilaweb.cat\/botiga\/wp-json\/wp\/v2\/types\/product"}],"wp:featuredmedia":[{"embeddable":true,"href":"https:\/\/www.vilaweb.cat\/botiga\/wp-json\/wp\/v2\/media\/29255"}],"wp:attachment":[{"href":"https:\/\/www.vilaweb.cat\/botiga\/wp-json\/wp\/v2\/media?parent=29225"}],"wp:term":[{"taxonomy":"product_cat","embeddable":true,"href":"https:\/\/www.vilaweb.cat\/botiga\/wp-json\/wp\/v2\/product_cat?post=29225"},{"taxonomy":"product_tag","embeddable":true,"href":"https:\/\/www.vilaweb.cat\/botiga\/wp-json\/wp\/v2\/product_tag?post=29225"}],"curies":[{"name":"wp","href":"https:\/\/api.w.org\/{rel}","templated":true}]}}