{"id":29158,"date":"2023-03-22T09:17:56","date_gmt":"2023-03-22T08:17:56","guid":{"rendered":"https:\/\/www.vilaweb.cat\/botiga\/?post_type=product&#038;p=29158"},"modified":"2025-04-16T14:02:20","modified_gmt":"2025-04-16T12:02:20","slug":"per-no-perdre-el-temps-calendaris-tradicionals-grans-testimonis-de-la-historia","status":"publish","type":"product","link":"https:\/\/www.vilaweb.cat\/botiga\/producte\/per-no-perdre-el-temps-calendaris-tradicionals-grans-testimonis-de-la-historia\/","title":{"rendered":"Per no perdre el temps. Calendaris tradicionals, grans testimonis de la hist\u00f2ria"},"content":{"rendered":"<p><b><i>Per no pedre el temps<\/i><\/b><span style=\"font-weight: 400;\"> presenta una aproximaci\u00f3 al m\u00f3n de l&#8217;<\/span><b>edici\u00f3 dels calendaris tradicionals<\/b><span style=\"font-weight: 400;\">. A partir d&#8217;una atractiva i variada mostra documental, centrada en el segle XIX i principis del segle XX, acompanyada del relat de nombroses curiositats, el llibre vol fer valdre aquest g\u00e8nere editorial que, en gran manera, ha passat desapercebut en la historiografia. D&#8217;una forma amena i molt gr\u00e0fica, descobrirem com aquestes senzilles publicacions reflecteixen en gran manera els canvis viscuts a la Catalunya de la revoluci\u00f3 industrial, tant a nivell social com editorial.<\/span><\/p>\n<p><b><i>Per no perdre el temps<\/i><\/b><span style=\"font-weight: 400;\"> s&#8217;estructura en set cap\u00edtols, complementats per una bibliografia, un glossari i la traducci\u00f3 dels textos en castell\u00e0. Compta amb un pr\u00f2leg a c\u00e0rrec del reconegut folklorista <\/span><b>Amadeu Carb\u00f3<\/b><span style=\"font-weight: 400;\">, qui tamb\u00e9 \u00e9s l&#8217;autor dels textos juntament amb <\/span><b>Norbert Tom\u00e0s<\/b><span style=\"font-weight: 400;\">. L&#8217;historiador <\/span><b>Albert Dom\u00e8nech<\/b><span style=\"font-weight: 400;\"> fa una aproximaci\u00f3 hist\u00f2rica al context de l&#8217;\u00e8poca.<\/span><\/p>\n<p><span style=\"font-weight: 400;\">Els continguts dels <\/span><b>cap\u00edtols<\/b><span style=\"font-weight: 400;\"> s\u00f3n els seg\u00fcents:<\/span><\/p>\n<ul>\n<li style=\"font-weight: 400;\" aria-level=\"1\"><span style=\"font-weight: 400;\">Els or\u00edgens dels calendaris i almanacs<\/span><\/li>\n<li style=\"font-weight: 400;\" aria-level=\"1\"><span style=\"font-weight: 400;\">L&#8217;\u00faltim vestigi de la literatura de canya i cordill<\/span><\/li>\n<li style=\"font-weight: 400;\" aria-level=\"1\"><span style=\"font-weight: 400;\">La producci\u00f3 editorial. Entre l&#8217;absolutisme i la construcci\u00f3 de llibertats.<\/span><\/li>\n<li style=\"font-weight: 400;\" aria-level=\"1\"><span style=\"font-weight: 400;\">Barcelona, centre editorial de primer ordre<\/span><\/li>\n<li style=\"font-weight: 400;\" aria-level=\"1\"><span style=\"font-weight: 400;\">La nova cultura de la imatge gr\u00e0fica<\/span><\/li>\n<li style=\"font-weight: 400;\" aria-level=\"1\"><span style=\"font-weight: 400;\">Diversitat i singularitat<\/span><\/li>\n<li style=\"font-weight: 400;\" aria-level=\"1\"><span style=\"font-weight: 400;\">La perviv\u00e8ncia d&#8217;un calendari vuitcentista a Catalunya<\/span><\/li>\n<\/ul>\n<p><span style=\"font-weight: 400;\">El text central del llibre est\u00e0 enriquit amb <\/span><b>nombros\u00edssims gravats i reproduccions en color<\/b><span style=\"font-weight: 400;\"> de calendaris de tota mena aix\u00ed com reproduccions dels seus interiors. Tamb\u00e9 amb <\/span><b>recursos gr\u00e0fics i textuals<\/b><span style=\"font-weight: 400;\"> als marges de les p\u00e0gines: <\/span><b>dades, curiositats, dites, observacions&#8230;<\/b><span style=\"font-weight: 400;\"> Una estructura i format pensats per poder fer una <\/span><b>lectura f\u00e0cil, amena i atractiva<\/b><span style=\"font-weight: 400;\">, i per convertir el llibre en una <\/span><b>eina de consulta i de gaudi visual.<\/b><\/p>\n","protected":false},"excerpt":{"rendered":"<p><b>Quantes tipologies de calendaris van existir?<\/b><\/p>\n<p><b>Com influ\u00efen les llunacions a l&#8217;ordre de la vida?<\/b><\/p>\n<p><b>Qui eren els almanaquers?<\/b><\/p>\n<p><b>Per qu\u00e8 no es podien editar calendaris sense el perm\u00eds del rei?<\/b><\/p>\n<p><b>Qu\u00e8 va convertir Barcelona en un centre editorial de primer ordre?<\/b><\/p>\n<p><b>Com va evolucionar la imatge gr\u00e0fica durant el segle XIX?<\/b><\/p>\n<p><b>Quin calendari va publicar un 30 de febrer? I una setmana de 10 dies?<\/b><\/p>\n<p>&nbsp;<\/p>\n<p><b>Un llibre que presenta una aproximaci\u00f3 al m\u00f3n de l&#8217;edici\u00f3 dels CALENDARIS TRADICIONALS per fer valdre un g\u00e8nere editorial que ha passat desapercebut, en gran manera, en la historiografia.\u00ad\u00ad<\/b><\/p>\n<p>&nbsp;<\/p>\n<p><span style=\"font-weight: 400;\">Any d\u2019edici\u00f3: desembre del 2022<\/span><\/p>\n<p><span style=\"font-weight: 400;\">Idioma: catal\u00e0<\/span><\/p>\n<p><span style=\"font-weight: 400;\">N\u00fam. de p\u00e0gines: 124<\/span><\/p>\n<p><span style=\"font-weight: 400;\">ISBN: <\/span><span style=\"font-weight: 400;\">978-84-123566-6-3<\/span><\/p>\n<p><span style=\"font-weight: 400;\">Enquadernaci\u00f3: carton\u00e9<\/span><\/p>\n","protected":false},"featured_media":29159,"template":"","meta":[],"product_cat":[45,18],"product_tag":[],"_links":{"self":[{"href":"https:\/\/www.vilaweb.cat\/botiga\/wp-json\/wp\/v2\/product\/29158"}],"collection":[{"href":"https:\/\/www.vilaweb.cat\/botiga\/wp-json\/wp\/v2\/product"}],"about":[{"href":"https:\/\/www.vilaweb.cat\/botiga\/wp-json\/wp\/v2\/types\/product"}],"wp:featuredmedia":[{"embeddable":true,"href":"https:\/\/www.vilaweb.cat\/botiga\/wp-json\/wp\/v2\/media\/29159"}],"wp:attachment":[{"href":"https:\/\/www.vilaweb.cat\/botiga\/wp-json\/wp\/v2\/media?parent=29158"}],"wp:term":[{"taxonomy":"product_cat","embeddable":true,"href":"https:\/\/www.vilaweb.cat\/botiga\/wp-json\/wp\/v2\/product_cat?post=29158"},{"taxonomy":"product_tag","embeddable":true,"href":"https:\/\/www.vilaweb.cat\/botiga\/wp-json\/wp\/v2\/product_tag?post=29158"}],"curies":[{"name":"wp","href":"https:\/\/api.w.org\/{rel}","templated":true}]}}