{"id":29095,"date":"2023-03-15T17:33:15","date_gmt":"2023-03-15T16:33:15","guid":{"rendered":"https:\/\/www.vilaweb.cat\/botiga\/?post_type=product&#038;p=29095"},"modified":"2026-03-02T14:50:29","modified_gmt":"2026-03-02T13:50:29","slug":"torturades","status":"publish","type":"product","link":"https:\/\/www.vilaweb.cat\/botiga\/producte\/torturades\/","title":{"rendered":"Torturades"},"content":{"rendered":"<p><span style=\"font-weight: 400;\">La hist\u00f2ria de la comissaria de Via Laietana \u00e9s fosca i opaca. Una hist\u00f2ria marcada per la por, el silenci i la impunitat. Per\u00f2 avui la por queda enrere, el silenci comen\u00e7a a trencar-se i la impunitat es combat. Perqu\u00e8 \u00e9s ara o mai: ni por, ni silenci ni impunitat. Al llarg dels anys i fins el dia d&#8217;avui, una gran quantitat d&#8217;acusacions de tortura i viol\u00e8ncia policial planen sobre l&#8217;edifici deixant-hi una ombra espessa, i aquest llibre mira d&#8217;aclarir-la gr\u00e0cies a la veu de les dones. Elles ens expliquen el que hi van viure; les seq\u00fceles f\u00edsiques i emocionals d&#8217;aquell tr\u00e0ngol i quina relaci\u00f3 tenen amb el record. S\u00f3n relats de dignitat i just\u00edcia. Testimonis contra l&#8217;oblit que trenen una cr\u00f2nica corprenedora del que no hauria d&#8217;haver passat mai.<\/span><\/p>\n","protected":false},"excerpt":{"rendered":"<p style=\"text-align: center;\"><strong>Via Laietana, 43. Vint-i-dues dones, testimonis del terror (1941-2019)<\/strong><\/p>\n<p>&nbsp;<\/p>\n<p><strong>\u201cQuan el poder se situa m\u00e9s enll\u00e0 dels marges de la llei, els cossos de les dones es converteixen en la diana perfecta per a la demostraci\u00f3 de la for\u00e7a, la viol\u00e8ncia i la crueltat de l\u2019estat\u201d.<\/strong><\/p>\n<p>&nbsp;<\/p>\n<p><span style=\"font-weight: 400;\">Pr\u00f2leg de Carla Vall i Duran<\/span><\/p>\n<p>&nbsp;<\/p>\n<p><span style=\"font-weight: 400;\">Any d\u2019edici\u00f3: mar\u00e7 del 2023<\/span><\/p>\n<p><span style=\"font-weight: 400;\">Idioma: catal\u00e0<\/span><\/p>\n<p><span style=\"font-weight: 400;\">N\u00fam. de p\u00e0gines: 318<\/span><\/p>\n<p><span style=\"font-weight: 400;\">ISBN: <\/span><span style=\"font-weight: 400;\">9788419590152<\/span><\/p>\n<p><span style=\"font-weight: 400;\">Enquadernaci\u00f3: r\u00fastica<\/span><\/p>\n","protected":false},"featured_media":29096,"template":"","meta":[],"product_cat":[18,45],"product_tag":[],"_links":{"self":[{"href":"https:\/\/www.vilaweb.cat\/botiga\/wp-json\/wp\/v2\/product\/29095"}],"collection":[{"href":"https:\/\/www.vilaweb.cat\/botiga\/wp-json\/wp\/v2\/product"}],"about":[{"href":"https:\/\/www.vilaweb.cat\/botiga\/wp-json\/wp\/v2\/types\/product"}],"wp:featuredmedia":[{"embeddable":true,"href":"https:\/\/www.vilaweb.cat\/botiga\/wp-json\/wp\/v2\/media\/29096"}],"wp:attachment":[{"href":"https:\/\/www.vilaweb.cat\/botiga\/wp-json\/wp\/v2\/media?parent=29095"}],"wp:term":[{"taxonomy":"product_cat","embeddable":true,"href":"https:\/\/www.vilaweb.cat\/botiga\/wp-json\/wp\/v2\/product_cat?post=29095"},{"taxonomy":"product_tag","embeddable":true,"href":"https:\/\/www.vilaweb.cat\/botiga\/wp-json\/wp\/v2\/product_tag?post=29095"}],"curies":[{"name":"wp","href":"https:\/\/api.w.org\/{rel}","templated":true}]}}