{"id":28924,"date":"2023-02-28T16:37:46","date_gmt":"2023-02-28T15:37:46","guid":{"rendered":"https:\/\/www.vilaweb.cat\/botiga\/?post_type=product&#038;p=28924"},"modified":"2026-01-16T19:21:56","modified_gmt":"2026-01-16T18:21:56","slug":"la-cacadora-de-masies","status":"publish","type":"product","link":"https:\/\/www.vilaweb.cat\/botiga\/producte\/la-cacadora-de-masies\/","title":{"rendered":"La ca\u00e7adora de masies"},"content":{"rendered":"<p>\u201cCada casa de pag\u00e8s t\u00e9 una hist\u00f2ria carregada de vida i emotivitat en alguns casos i de dramatisme i perspectives de futur incertes i obscures en altres \u2013massa\u2013 casos. En aquest llibre he volgut aportar el context hist\u00f2ric i personal que hi ha darrere de les quinze cases escollides. M&#8217;han semblat hist\u00f2ries mereixedores de ser explicades com a casos paradigm\u00e0tics que reflecteixen molt b\u00e9 quina \u00e9s la situaci\u00f3 actual de les masies catalanes. No pret\u00e9n ser un manual ni una obra d&#8217;hist\u00f2ria de les masies, sin\u00f3 una reflexi\u00f3 humil sobre el llegat que hi ha entre els seus murs de pedra, d&#8217;on venen, on es troben i com afronten el futur.\u201d Marta Lloret<\/p>\n","protected":false},"excerpt":{"rendered":"<p><strong>Les cases de pag\u00e8s, el llegat del nostre pa\u00eds.<\/strong><\/p>\n<p>Any d\u2019edici\u00f3: febrer del 2023<br \/>\nIdioma: catal\u00e0<br \/>\nN\u00fam. de p\u00e0gines: 184<br \/>\nISBN: 9788466430111<br \/>\nEnquadernaci\u00f3: r\u00fastica<\/p>\n","protected":false},"featured_media":28925,"template":"","meta":[],"product_cat":[427,18,45],"product_tag":[],"_links":{"self":[{"href":"https:\/\/www.vilaweb.cat\/botiga\/wp-json\/wp\/v2\/product\/28924"}],"collection":[{"href":"https:\/\/www.vilaweb.cat\/botiga\/wp-json\/wp\/v2\/product"}],"about":[{"href":"https:\/\/www.vilaweb.cat\/botiga\/wp-json\/wp\/v2\/types\/product"}],"wp:featuredmedia":[{"embeddable":true,"href":"https:\/\/www.vilaweb.cat\/botiga\/wp-json\/wp\/v2\/media\/28925"}],"wp:attachment":[{"href":"https:\/\/www.vilaweb.cat\/botiga\/wp-json\/wp\/v2\/media?parent=28924"}],"wp:term":[{"taxonomy":"product_cat","embeddable":true,"href":"https:\/\/www.vilaweb.cat\/botiga\/wp-json\/wp\/v2\/product_cat?post=28924"},{"taxonomy":"product_tag","embeddable":true,"href":"https:\/\/www.vilaweb.cat\/botiga\/wp-json\/wp\/v2\/product_tag?post=28924"}],"curies":[{"name":"wp","href":"https:\/\/api.w.org\/{rel}","templated":true}]}}