{"id":28559,"date":"2023-02-02T10:50:53","date_gmt":"2023-02-02T09:50:53","guid":{"rendered":"https:\/\/www.vilaweb.cat\/botiga\/?post_type=product&#038;p=28559"},"modified":"2026-01-05T18:45:12","modified_gmt":"2026-01-05T17:45:12","slug":"cabas-arpillera","status":"publish","type":"product","link":"https:\/\/www.vilaweb.cat\/botiga\/producte\/cabas-arpillera\/","title":{"rendered":"Cab\u00e0s arpillera"},"content":{"rendered":"","protected":false},"excerpt":{"rendered":"<p>Cab\u00e0s catal\u00e0 dissenyat a partir del tradicional teixit de farcell i combinat amb el teixit arpillera.<\/p>\n<p>Mida: 46 x 32 x 13 cm<\/p>\n<p>Producte fabricat i dissenyat a Catalunya.<\/p>\n","protected":false},"featured_media":28715,"template":"","meta":[],"product_cat":[293,335,62,307,102,212],"product_tag":[],"_links":{"self":[{"href":"https:\/\/www.vilaweb.cat\/botiga\/wp-json\/wp\/v2\/product\/28559"}],"collection":[{"href":"https:\/\/www.vilaweb.cat\/botiga\/wp-json\/wp\/v2\/product"}],"about":[{"href":"https:\/\/www.vilaweb.cat\/botiga\/wp-json\/wp\/v2\/types\/product"}],"wp:featuredmedia":[{"embeddable":true,"href":"https:\/\/www.vilaweb.cat\/botiga\/wp-json\/wp\/v2\/media\/28715"}],"wp:attachment":[{"href":"https:\/\/www.vilaweb.cat\/botiga\/wp-json\/wp\/v2\/media?parent=28559"}],"wp:term":[{"taxonomy":"product_cat","embeddable":true,"href":"https:\/\/www.vilaweb.cat\/botiga\/wp-json\/wp\/v2\/product_cat?post=28559"},{"taxonomy":"product_tag","embeddable":true,"href":"https:\/\/www.vilaweb.cat\/botiga\/wp-json\/wp\/v2\/product_tag?post=28559"}],"curies":[{"name":"wp","href":"https:\/\/api.w.org\/{rel}","templated":true}]}}