{"id":28499,"date":"2023-01-31T17:04:22","date_gmt":"2023-01-31T16:04:22","guid":{"rendered":"https:\/\/www.vilaweb.cat\/botiga\/?post_type=product&#038;p=28499"},"modified":"2025-12-22T19:52:19","modified_gmt":"2025-12-22T18:52:19","slug":"dessuadora-rebel-legion","status":"publish","type":"product","link":"https:\/\/www.vilaweb.cat\/botiga\/producte\/dessuadora-rebel-legion\/","title":{"rendered":"Dessuadora Rebel Legion"},"content":{"rendered":"","protected":false},"excerpt":{"rendered":"<p>Amb aquesta dessuadora formar\u00e0s part de la legi\u00f3 que treballa per la Rep\u00fablica Catalana!<\/p>\n","protected":false},"featured_media":28745,"template":"","meta":[],"product_cat":[289,421,284],"product_tag":[],"_links":{"self":[{"href":"https:\/\/www.vilaweb.cat\/botiga\/wp-json\/wp\/v2\/product\/28499"}],"collection":[{"href":"https:\/\/www.vilaweb.cat\/botiga\/wp-json\/wp\/v2\/product"}],"about":[{"href":"https:\/\/www.vilaweb.cat\/botiga\/wp-json\/wp\/v2\/types\/product"}],"wp:featuredmedia":[{"embeddable":true,"href":"https:\/\/www.vilaweb.cat\/botiga\/wp-json\/wp\/v2\/media\/28745"}],"wp:attachment":[{"href":"https:\/\/www.vilaweb.cat\/botiga\/wp-json\/wp\/v2\/media?parent=28499"}],"wp:term":[{"taxonomy":"product_cat","embeddable":true,"href":"https:\/\/www.vilaweb.cat\/botiga\/wp-json\/wp\/v2\/product_cat?post=28499"},{"taxonomy":"product_tag","embeddable":true,"href":"https:\/\/www.vilaweb.cat\/botiga\/wp-json\/wp\/v2\/product_tag?post=28499"}],"curies":[{"name":"wp","href":"https:\/\/api.w.org\/{rel}","templated":true}]}}