{"id":28421,"date":"2023-01-25T14:11:08","date_gmt":"2023-01-25T13:11:08","guid":{"rendered":"https:\/\/www.vilaweb.cat\/botiga\/?post_type=product&#038;p=28421"},"modified":"2023-12-23T10:48:10","modified_gmt":"2023-12-23T09:48:10","slug":"joc-de-calcul-mental","status":"publish","type":"product","link":"https:\/\/www.vilaweb.cat\/botiga\/producte\/joc-de-calcul-mental\/","title":{"rendered":"Joc de c\u00e0lcul mental"},"content":{"rendered":"<p><span style=\"font-weight: 400;\">Poden jugar des de 2 jugadors fins a 6 (tot i que podrien jugar m\u00e9s, per\u00f2 la partida s&#8217;eternitzaria). El jugador treu un n\u00famero amb el dau (de l&#8217;1 fins al 10) i disposa d&#8217;un minut de temps per sumar o restar o multiplicar o dividir tres n\u00fameros i aconseguir, com a resultat, el n\u00famero obtingut amb el dau. Sense calculadora, sense llapis ni paper i sense comptar amb els dits&#8230; tot de cap. El joc s&#8217;acompanya de reglament en catal\u00e0 i castell\u00e0.<\/span><\/p>\n","protected":false},"excerpt":{"rendered":"<p><span style=\"font-weight: 400;\">Joc de c\u00e0lcul matem\u00e0tic, molt competitiu i divertit, per a majors de 10 anys i fins als 100 anys!<\/span><\/p>\n","protected":false},"featured_media":28422,"template":"","meta":[],"product_cat":[307],"product_tag":[],"_links":{"self":[{"href":"https:\/\/www.vilaweb.cat\/botiga\/wp-json\/wp\/v2\/product\/28421"}],"collection":[{"href":"https:\/\/www.vilaweb.cat\/botiga\/wp-json\/wp\/v2\/product"}],"about":[{"href":"https:\/\/www.vilaweb.cat\/botiga\/wp-json\/wp\/v2\/types\/product"}],"wp:featuredmedia":[{"embeddable":true,"href":"https:\/\/www.vilaweb.cat\/botiga\/wp-json\/wp\/v2\/media\/28422"}],"wp:attachment":[{"href":"https:\/\/www.vilaweb.cat\/botiga\/wp-json\/wp\/v2\/media?parent=28421"}],"wp:term":[{"taxonomy":"product_cat","embeddable":true,"href":"https:\/\/www.vilaweb.cat\/botiga\/wp-json\/wp\/v2\/product_cat?post=28421"},{"taxonomy":"product_tag","embeddable":true,"href":"https:\/\/www.vilaweb.cat\/botiga\/wp-json\/wp\/v2\/product_tag?post=28421"}],"curies":[{"name":"wp","href":"https:\/\/api.w.org\/{rel}","templated":true}]}}